{"id":1095,"date":"2019-08-03T18:20:54","date_gmt":"2019-08-03T23:20:54","guid":{"rendered":"http:\/\/verainmuebles.com\/?page_id=1095"},"modified":"2019-08-05T22:40:22","modified_gmt":"2019-08-06T03:40:22","slug":"politica-de-privacidad","status":"publish","type":"page","link":"http:\/\/verainmuebles.com\/?page_id=1095","title":{"rendered":"Pol\u00edtica de privacidad"},"content":{"rendered":"<p>[et_pb_section fb_built=&#8221;1&#8243; _builder_version=&#8221;3.26.6&#8243; background_enable_video_mp4=&#8221;off&#8221; use_background_color_gradient=&#8221;on&#8221;][et_pb_row column_structure=&#8221;1_2,1_2&#8243; _builder_version=&#8221;3.25&#8243; animation_style=&#8221;flip&#8221;][et_pb_column type=&#8221;1_2&#8243; _builder_version=&#8221;3.25&#8243; custom_padding=&#8221;|||&#8221; custom_padding__hover=&#8221;|||&#8221;][et_pb_text _builder_version=&#8221;3.26.6&#8243; text_font=&#8221;Georgia||||||||&#8221; text_font_size=&#8221;56px&#8221; text_orientation=&#8221;center&#8221; custom_margin=&#8221;||30px|||&#8221; custom_padding=&#8221;0px|0px|35px|||&#8221; animation_style=&#8221;slide&#8221; inline_fonts=&#8221;Arial,Times New Roman&#8221;]<\/p>\n<h1><span style=\"font-family: Arial; font-weight: normal; color: #ffffff;\"><strong>Pol\u00edtica de Privacidad<\/strong><\/span><\/h1>\n<p>[\/et_pb_text][et_pb_text _builder_version=&#8221;3.26.6&#8243; text_text_color=&#8221;#ffffff&#8221; custom_padding=&#8221;||0px|||&#8221; animation_style=&#8221;slide&#8221;]<\/p>\n<p style=\"text-align: justify;\">Para VeraInmuebles la privacidad y confidencialidad es muy importante y la consideramos seriamente. Los datos que Usted nos proporcione ser\u00e1n usados exclusivamente para proporcionarle el servicio o la informaci\u00f3n que nos ha solicitado y de ninguna otra forma.<\/p>\n<p style=\"text-align: justify;\">Como Contactarnos:<\/p>\n<p style=\"text-align: justify;\">Celular y Whatsapp: (229) 168 05 96<\/p>\n<p style=\"text-align: justify;\">Correo: <a href=\"mailto:ventas@verainmuebles.com\">ventas@verainmuebles.com<\/a><\/p>\n<p style=\"text-align: justify;\">Website: <a href=\"http:\/\/www.verainmuebles.com\">www.verainmuebles.com<\/a><\/p>\n<p style=\"text-align: justify;\">Sus datos personales ser\u00e1n utilizados para las siguientes finalidades:<\/p>\n<p style=\"text-align: justify;\">Proveer los servicios y productos requeridos por usted, informar sobre cambios o nuevos productos o servicios que est\u00e9n relacionados con el contratado o adquirido por el cliente, dar cumplimiento a obligaciones contra\u00eddas con nuestros clientes, evaluar la calidad del servicio y realizar estudios internos sobre h\u00e1bitos de consumo.<\/p>\n<p style=\"text-align: justify;\">Para efectos publicitarios. Elaborar base de datos que permitan la promoci\u00f3n de productos y servicios de\u00a0 VeraInmuebles.<\/p>\n<p style=\"text-align: justify;\">Para las finalidades se\u00f1aladas en el presente aviso de privacidad, podemos recabar sus datos personales de distintas formas: cuando usted nos los proporciona directamente, cuando visita nuestro sitio de Internet o utiliza nuestros servicios en l\u00ednea y cuando obtenemos informaci\u00f3n a trav\u00e9s de otras fuentes que est\u00e1n permitidas por la ley, tales como los directorios telef\u00f3nicos o laborales,etc.<\/p>\n<p style=\"text-align: justify;\">Los datos que obtenemos por estos medios pueden ser: nombre completo, correo electr\u00f3nico, as\u00ed como tel\u00e9fonos y celular.<\/p>\n<p style=\"text-align: justify;\">Usted puede dejar de recibir mensajes promocionales por tel\u00e9fono fijo o celular, correos electr\u00f3nicos con promocionales, o correo postal siguiendo los siguientes pasos: enviar un correo electr\u00f3nico a la direcci\u00f3n <a href=\"mailto:ventas@verainmuebles.com\">ventas@verainmuebles.com<\/a> o enviar un mensaje al 2291 680596 indicando su nombre completo \u00a0y correo electr\u00f3nico, \u00a0colocando en el asunto la palabra BORRAR.<\/p>\n<p style=\"text-align: justify;\">Usted tiene derecho de acceder a sus datos personales que poseemos y a rectificar sus datos, los detalles del tratamiento de los mismos, as\u00ed como cancelarlos cuando considere que no se requieren para alguna de las finalidades se\u00f1alados en el presente aviso de privacidad, est\u00e9n siendo utilizados para finalidades no consentidas o haya finalizado la relaci\u00f3n contractual o de servicio, o bien, oponerse al tratamiento de los mismos para fines espec\u00edficos.<\/p>\n<p>&nbsp;<\/p>\n<p>[\/et_pb_text][\/et_pb_column][et_pb_column type=&#8221;1_2&#8243; _builder_version=&#8221;3.26.6&#8243;][et_pb_image src=&#8221;http:\/\/verainmuebles.com\/wp-content\/uploads\/2019\/08\/logo-verainmuebles-trazo.png&#8221; _builder_version=&#8221;3.26.6&#8243; box_shadow_style=&#8221;preset1&#8243; width=&#8221;59%&#8221; module_alignment=&#8221;center&#8221; animation_style=&#8221;bounce&#8221;][\/et_pb_image][\/et_pb_column][\/et_pb_row][\/et_pb_section]<\/p>\n","protected":false},"excerpt":{"rendered":"<p>Pol\u00edtica de PrivacidadPara VeraInmuebles la privacidad y confidencialidad es muy importante y la consideramos seriamente. Los datos que Usted nos proporcione ser\u00e1n usados exclusivamente para proporcionarle el servicio o la informaci\u00f3n que nos ha solicitado y de ninguna otra forma. Como Contactarnos: Celular y Whatsapp: (229) 168 05 96 Correo: ventas@verainmuebles.com Website: www.verainmuebles.com Sus datos [&hellip;]<\/p>\n","protected":false},"author":1,"featured_media":0,"parent":0,"menu_order":0,"comment_status":"closed","ping_status":"closed","template":"","meta":{"_et_pb_use_builder":"on","_et_pb_old_content":"","_et_gb_content_width":"","footnotes":""},"class_list":["post-1095","page","type-page","status-publish","hentry"],"_links":{"self":[{"href":"http:\/\/verainmuebles.com\/index.php?rest_route=\/wp\/v2\/pages\/1095"}],"collection":[{"href":"http:\/\/verainmuebles.com\/index.php?rest_route=\/wp\/v2\/pages"}],"about":[{"href":"http:\/\/verainmuebles.com\/index.php?rest_route=\/wp\/v2\/types\/page"}],"author":[{"embeddable":true,"href":"http:\/\/verainmuebles.com\/index.php?rest_route=\/wp\/v2\/users\/1"}],"replies":[{"embeddable":true,"href":"http:\/\/verainmuebles.com\/index.php?rest_route=%2Fwp%2Fv2%2Fcomments&post=1095"}],"version-history":[{"count":4,"href":"http:\/\/verainmuebles.com\/index.php?rest_route=\/wp\/v2\/pages\/1095\/revisions"}],"predecessor-version":[{"id":1378,"href":"http:\/\/verainmuebles.com\/index.php?rest_route=\/wp\/v2\/pages\/1095\/revisions\/1378"}],"wp:attachment":[{"href":"http:\/\/verainmuebles.com\/index.php?rest_route=%2Fwp%2Fv2%2Fmedia&parent=1095"}],"curies":[{"name":"wp","href":"https:\/\/api.w.org\/{rel}","templated":true}]}}