{"id":1478,"date":"2019-11-05T13:24:40","date_gmt":"2019-11-05T19:24:40","guid":{"rendered":"http:\/\/verainmuebles.com\/?page_id=1478"},"modified":"2020-08-24T15:07:52","modified_gmt":"2020-08-24T20:07:52","slug":"merida","status":"publish","type":"page","link":"http:\/\/verainmuebles.com\/?page_id=1478","title":{"rendered":"M\u00e9rida"},"content":{"rendered":"<p>[et_pb_section fb_built=&#8221;1&#8243; _builder_version=&#8221;4.0.5&#8243; background_image=&#8221;http:\/\/verainmuebles.com\/wp-content\/uploads\/2019\/11\/BANNER-RIVIERA-MAYA-VERAINMUEBLES-5.jpg&#8221; width=&#8221;100%&#8221; max_width=&#8221;100%&#8221; min_height=&#8221;675px&#8221; height=&#8221;670px&#8221; max_height=&#8221;1000px&#8221;][\/et_pb_section][et_pb_section fb_built=&#8221;1&#8243; _builder_version=&#8221;4.0.5&#8243;][et_pb_row _builder_version=&#8221;4.0.5&#8243;][et_pb_column type=&#8221;4_4&#8243; _builder_version=&#8221;4.0.5&#8243;][et_pb_text _builder_version=&#8221;4.0.5&#8243;]<\/p>\n<p>&nbsp;<\/p>\n<h1 class=\"f4_title entry-title\" style=\"text-align: center;\"><strong>M\u00e9rida supera a Florencia y Qu\u00e9bec como la Mejor Ciudad del Mundo para vivir<\/strong><\/h1>\n<p>&nbsp;<\/p>\n<h3 style=\"text-align: center;\"><span style=\"font-size: large;\"><strong>Con nosotros, tomar una buena decisi\u00f3n sobre d\u00f3nde vivir o invertir en M\u00e9rida es algo sencillo y sobre todo seguro. <\/strong><\/span><\/h3>\n<h3 style=\"text-align: justify;\"><span style=\"font-size: medium;\"><strong>SIMCA Desarrollos<\/strong> cuenta con m\u00e1s de 2 d\u00e9cadas de experiencia en el desarrollo inmobiliario y el respaldo de m\u00e1s de 1,600 clientes satisfechos. \u00bfHas o\u00eddo hablar de La Rejoyada? Fue su primer desarrollo de terrenos residenciales en M\u00e9rida que revolucion\u00f3 al mercado inmobiliario, no s\u00f3lo por su ubicaci\u00f3n, dise\u00f1o y amenidades que lo hacen \u00fanico, sino tambi\u00e9n por los rendimientos que le gener\u00f3 a sus clientes. \u00bfImaginas comprar un lote en $224,000 pesos y que en 5 a\u00f1os su valor sea de $495,000? As\u00ed se toman las decisiones inteligentes.<\/span><\/h3>\n<p>&nbsp;<\/p>\n<p>&nbsp;<\/p>\n<h3 class=\"section-title txt28\" style=\"text-align: center;\"><strong>Haz crecer tu dinero en cualquiera de nuestros desarrollos:<\/strong><\/h3>\n<p>&nbsp;<\/p>\n<p>[\/et_pb_text][\/et_pb_column][\/et_pb_row][\/et_pb_section][et_pb_section fb_built=&#8221;1&#8243; _builder_version=&#8221;4.0.6&#8243;][et_pb_row _builder_version=&#8221;4.0.6&#8243;][et_pb_column type=&#8221;4_4&#8243; _builder_version=&#8221;4.0.6&#8243;][et_pb_video src=&#8221;https:\/\/www.youtube.com\/watch?v=3M4EsXZ9J8Y&#8221; _builder_version=&#8221;4.0.6&#8243;][\/et_pb_video][\/et_pb_column][\/et_pb_row][\/et_pb_section][et_pb_section fb_built=&#8221;1&#8243; _builder_version=&#8221;4.0.5&#8243;][et_pb_row column_structure=&#8221;1_2,1_2&#8243; use_custom_gutter=&#8221;on&#8221; gutter_width=&#8221;2&#8243; _builder_version=&#8221;4.0.5&#8243; width=&#8221;100%&#8221; max_width=&#8221;1200px&#8221; module_alignment=&#8221;center&#8221;][et_pb_column type=&#8221;1_2&#8243; _builder_version=&#8221;4.0.5&#8243;][et_pb_video src=&#8221;https:\/\/www.youtube.com\/watch?v=uLBepiFB5JE&#038;feature=youtu.be&#8221; _builder_version=&#8221;4.0.5&#8243;][\/et_pb_video][\/et_pb_column][et_pb_column type=&#8221;1_2&#8243; _builder_version=&#8221;4.0.5&#8243;][et_pb_text _builder_version=&#8221;4.0.5&#8243;]<\/p>\n<h3 style=\"text-align: justify;\"><span style=\"font-size: medium;\"><strong>Blanca Residencial<\/strong> es un Moderno fraccionamiento residencial de primera l\u00ednea compuesto por lotes desde 420 m2, ubicado a 10 minutos de M\u00e9rida hacia el norte.<\/span><\/h3>\n<h3 style=\"text-align: justify;\"><span style=\"font-size: medium;\">Aparta con $10,000.<\/span><\/h3>\n<h3 style=\"text-align: justify;\"><span style=\"font-size: medium;\">Contamos con opciones de financiamiento<\/span><\/h3>\n<h3 style=\"text-align: justify;\"><span style=\"font-size: medium;\"><em>Modern first line residential development consisting of lots since 420 m2, located 10 minutes from M\u00e9rida to the north<\/em><\/span><\/h3>\n<h3 style=\"text-align: justify;\"><span style=\"font-size: medium;\"><strong>Desde $420,000 MXN de contado<\/strong><\/span><\/h3>\n<p>[\/et_pb_text][et_pb_button button_url=&#8221;https:\/\/bit.ly\/36yD7vf&#8221; url_new_window=&#8221;on&#8221; button_text=&#8221;M\u00c1S INFORMACI\u00d3N&#8221; _builder_version=&#8221;4.0.5&#8243;][\/et_pb_button][\/et_pb_column][\/et_pb_row][et_pb_row column_structure=&#8221;1_2,1_2&#8243; use_custom_gutter=&#8221;on&#8221; gutter_width=&#8221;2&#8243; _builder_version=&#8221;4.0.5&#8243; width=&#8221;100%&#8221; max_width=&#8221;1200px&#8221; module_alignment=&#8221;center&#8221;][et_pb_column type=&#8221;1_2&#8243; _builder_version=&#8221;4.0.5&#8243;][et_pb_video src=&#8221;https:\/\/www.youtube.com\/watch?v=ocI2bPfn4xI&#038;feature=youtu.be&#8221; _builder_version=&#8221;4.0.5&#8243;][\/et_pb_video][\/et_pb_column][et_pb_column type=&#8221;1_2&#8243; _builder_version=&#8221;4.0.5&#8243;][et_pb_text _builder_version=&#8221;4.0.5&#8243;]<\/p>\n<h3 class=\"txt15 lineheight20 justify land margin-bottom-5 padding-top-50 padding-bottom-20 padding-right-20 padding-left-20\"><span style=\"font-size: medium;\"><b>Compostela es el desarrollo m\u00e1s exclusivo de M\u00e9rida.<\/b><\/span><\/h3>\n<h3 class=\"txt15 lineheight20 justify land margin-bottom-5 padding-top-50 padding-bottom-20 padding-right-20 padding-left-20\"><span style=\"font-size: medium;\"><b><\/b><\/span><\/h3>\n<h3 class=\"txt-price price30 txt20 txt-title padding-left-20\" style=\"text-align: justify;\"><span style=\"font-size: medium;\">Con 74 lotes residenciales, un promedio de 600 metros\u00a0cada uno y sumando una superficie total de 10 hect\u00e1reas. La amplitud de sus espacios, su moderno dise\u00f1o arquitect\u00f3nico y el acabado de sus interiores han sido concebidos para brindarte la comodidad que mereces.<\/span><\/h3>\n<h3 class=\"txt-price price30 txt20 txt-title padding-left-20\" style=\"text-align: justify;\"><span style=\"font-size: medium;\">Ubicados en la mejor zona del norte de M\u00e9rida, con la mejor plusval\u00eda.<\/span><\/h3>\n<h4 style=\"text-align: justify;\"><em><b>Compostela is the most exclusive residential development in Merida.<\/b>\u00a0<\/em><\/h4>\n<div class=\"col-md-12\">\n<h4 style=\"text-align: justify;\"><em>It comprises 74 residential lots with an average size of 600 m<sup>2<\/sup>\u00a0each, making a total area of 0.1 km2. The wide spaces, contemporary architectural design, and interior\/exterior finishes were planned to provide the comfort that you deserve.<\/em><\/h4>\n<\/div>\n<h3 class=\"txt-price price30 txt20 txt-title padding-left-20\"><span style=\"font-size: medium;\"><strong>Desde $2,700,000 MXN<\/strong><\/span><\/h3>\n<p>[\/et_pb_text][et_pb_button button_url=&#8221;https:\/\/bit.ly\/36yD7vf&#8221; url_new_window=&#8221;on&#8221; button_text=&#8221;M\u00c1S INFORMACI\u00d3N&#8221; _builder_version=&#8221;4.0.5&#8243;][\/et_pb_button][\/et_pb_column][\/et_pb_row][et_pb_row column_structure=&#8221;1_2,1_2&#8243; use_custom_gutter=&#8221;on&#8221; gutter_width=&#8221;2&#8243; _builder_version=&#8221;4.0.5&#8243; width=&#8221;100%&#8221; max_width=&#8221;1200px&#8221; module_alignment=&#8221;center&#8221;][et_pb_column type=&#8221;1_2&#8243; _builder_version=&#8221;4.0.5&#8243;][et_pb_video src=&#8221;https:\/\/www.youtube.com\/watch?v=3nJ43rWs15k&#038;feature=youtu.be&#8221; _builder_version=&#8221;4.0.5&#8243;][\/et_pb_video][\/et_pb_column][et_pb_column type=&#8221;1_2&#8243; _builder_version=&#8221;4.0.5&#8243;][et_pb_text _builder_version=&#8221;4.0.5&#8243;]<\/p>\n<h3 style=\"text-align: center;\"><span style=\"font-size: medium;\"><strong>Provincia es un exclusivo Fraccionamiento Residencial en M\u00e9rida que moderniza el concepto de club de golf residencial para ofrecer un ambiente 100% familiar<\/strong><\/span><\/h3>\n<h3 style=\"text-align: justify;\"><span style=\"font-size: medium;\">Provincia es un residencial \u00fanico en su tipo porque integra un campo de golf como protagonista. Con 9 hoyos, par 3, nuestro campo de golf se vive en familia, un curso m\u00e1s peque\u00f1o, un juego m\u00e1s r\u00e1pido. Lotes de 450 y 600 m2.<\/span><\/h3>\n<p style=\"text-align: justify;\"><span style=\"font-size: medium;\"><em>Provincia is our newest released in M\u00e9rida. This residential development is one of a kind, since it features a floodlit golf course. We also refreshed the game with a 9-hole course, par 3, for you to enjoy with your family. Provincia comprises 8 private clusters with residential lots ranging from 450 to 600 m\u00b2<\/em><\/span><\/p>\n<h3><span style=\"font-size: medium;\"><strong>Desde $1,300,000 MXN<\/strong><\/span><\/h3>\n<p>[\/et_pb_text][et_pb_button button_url=&#8221;https:\/\/bit.ly\/36yD7vf&#8221; url_new_window=&#8221;on&#8221; button_text=&#8221;M\u00c1S INFORMACI\u00d3N&#8221; _builder_version=&#8221;4.0.5&#8243;][\/et_pb_button][\/et_pb_column][\/et_pb_row][\/et_pb_section][et_pb_section fb_built=&#8221;1&#8243; admin_label=&#8221;Hero&#8221; _builder_version=&#8221;4.0.5&#8243; background_image=&#8221;http:\/\/verainmuebles.com\/wp-content\/uploads\/2019\/11\/BANNER-ABAJO-VERA-SIMCA.jpg&#8221; custom_margin=&#8221;||40px|||&#8221; custom_padding=&#8221;80px|0|80px||true|false&#8221;][et_pb_row _builder_version=&#8221;3.25&#8243; custom_margin=&#8221;|||&#8221;][et_pb_column type=&#8221;4_4&#8243; _builder_version=&#8221;3.25&#8243; custom_padding=&#8221;|||&#8221; custom_padding__hover=&#8221;|||&#8221;][et_pb_text _builder_version=&#8221;3.27.4&#8243; text_font=&#8221;Open Sans||||||||&#8221; text_font_size=&#8221;20px&#8221; text_line_height=&#8221;2em&#8221; header_font=&#8221;|800||on|||||&#8221; header_font_size=&#8221;68px&#8221; header_line_height=&#8221;1.4em&#8221; background_layout=&#8221;dark&#8221; max_width=&#8221;700px&#8221; text_font_size_tablet=&#8221;&#8221; text_font_size_phone=&#8221;16px&#8221; text_font_size_last_edited=&#8221;on|phone&#8221; header_font_size_tablet=&#8221;44px&#8221; header_font_size_phone=&#8221;24px&#8221; header_font_size_last_edited=&#8221;on|desktop&#8221; header_line_height_tablet=&#8221;1.4em&#8221; header_line_height_phone=&#8221;1.4em&#8221; header_line_height_last_edited=&#8221;on|desktop&#8221;]<\/p>\n<h1><span style=\"color: #000000;\">CONT\u00c1CTENOS<\/span><\/h1>\n<p>[\/et_pb_text][\/et_pb_column][\/et_pb_row][et_pb_row column_structure=&#8221;2_3,1_3&#8243; _builder_version=&#8221;3.25&#8243; locked=&#8221;off&#8221;][et_pb_column type=&#8221;2_3&#8243; _builder_version=&#8221;3.25&#8243; custom_padding=&#8221;|||&#8221; custom_padding__hover=&#8221;|||&#8221;][et_pb_contact_form email=&#8221;ventas@verainmuebles.com&#8221; submit_button_text=&#8221;ENVIAR&#8221; module_id=&#8221;et_pb_contact_form_1&#8243; _builder_version=&#8221;4.5.7&#8243; form_field_background_color=&#8221;rgba(0,0,0,0)&#8221; form_field_text_color=&#8221;#000000&#8243; form_field_focus_text_color=&#8221;#000000&#8243; title_text_color=&#8221;#000000&#8243; form_field_font=&#8221;Open Sans||||||||&#8221; form_field_font_size=&#8221;16px&#8221; form_field_line_height=&#8221;2em&#8221; custom_button=&#8221;on&#8221; button_text_size=&#8221;16px&#8221; button_text_color=&#8221;#000000&#8243; button_border_width=&#8221;0px&#8221; button_border_color=&#8221;#000000&#8243; button_border_radius=&#8221;0px&#8221; button_letter_spacing=&#8221;1px&#8221; button_font=&#8221;Roboto|700||on|||||&#8221; button_use_icon=&#8221;off&#8221; hover_enabled=&#8221;0&#8243; border_width_all=&#8221;2px&#8221; border_color_all=&#8221;#0c71c3&#8243; button_text_shadow_style=&#8221;preset1&#8243; button_text_shadow_color=&#8221;rgba(0,0,0,0)&#8221; box_shadow_style_button=&#8221;preset1&#8243; box_shadow_color_button=&#8221;#000000&#8243; text_shadow_style=&#8221;preset2&#8243; text_shadow_color=&#8221;#000000&#8243; form_background_color=&#8221;rgba(0,0,0,0)&#8221; locked=&#8221;off&#8221; button_border_radius_hover=&#8221;0px&#8221; button_letter_spacing_hover=&#8221;1px&#8221;][et_pb_contact_field field_id=&#8221;Name&#8221; field_title=&#8221;NOMBRE&#8221; _builder_version=&#8221;3.22.7&#8243; button_text_size__hover_enabled=&#8221;off&#8221; button_one_text_size__hover_enabled=&#8221;off&#8221; button_two_text_size__hover_enabled=&#8221;off&#8221; button_text_color__hover_enabled=&#8221;off&#8221; button_one_text_color__hover_enabled=&#8221;off&#8221; button_two_text_color__hover_enabled=&#8221;off&#8221; button_border_width__hover_enabled=&#8221;off&#8221; button_one_border_width__hover_enabled=&#8221;off&#8221; button_two_border_width__hover_enabled=&#8221;off&#8221; button_border_color__hover_enabled=&#8221;off&#8221; button_one_border_color__hover_enabled=&#8221;off&#8221; button_two_border_color__hover_enabled=&#8221;off&#8221; button_border_radius__hover_enabled=&#8221;off&#8221; button_one_border_radius__hover_enabled=&#8221;off&#8221; button_two_border_radius__hover_enabled=&#8221;off&#8221; button_letter_spacing__hover_enabled=&#8221;off&#8221; button_one_letter_spacing__hover_enabled=&#8221;off&#8221; button_two_letter_spacing__hover_enabled=&#8221;off&#8221; button_bg_color__hover_enabled=&#8221;off&#8221; button_one_bg_color__hover_enabled=&#8221;off&#8221; button_two_bg_color__hover_enabled=&#8221;off&#8221;][\/et_pb_contact_field][et_pb_contact_field field_id=&#8221;Email&#8221; field_title=&#8221;CORREO&#8221; field_type=&#8221;email&#8221; _builder_version=&#8221;3.22.7&#8243; button_text_size__hover_enabled=&#8221;off&#8221; button_one_text_size__hover_enabled=&#8221;off&#8221; button_two_text_size__hover_enabled=&#8221;off&#8221; button_text_color__hover_enabled=&#8221;off&#8221; button_one_text_color__hover_enabled=&#8221;off&#8221; button_two_text_color__hover_enabled=&#8221;off&#8221; button_border_width__hover_enabled=&#8221;off&#8221; button_one_border_width__hover_enabled=&#8221;off&#8221; button_two_border_width__hover_enabled=&#8221;off&#8221; button_border_color__hover_enabled=&#8221;off&#8221; button_one_border_color__hover_enabled=&#8221;off&#8221; button_two_border_color__hover_enabled=&#8221;off&#8221; button_border_radius__hover_enabled=&#8221;off&#8221; button_one_border_radius__hover_enabled=&#8221;off&#8221; button_two_border_radius__hover_enabled=&#8221;off&#8221; button_letter_spacing__hover_enabled=&#8221;off&#8221; button_one_letter_spacing__hover_enabled=&#8221;off&#8221; button_two_letter_spacing__hover_enabled=&#8221;off&#8221; button_bg_color__hover_enabled=&#8221;off&#8221; button_one_bg_color__hover_enabled=&#8221;off&#8221; button_two_bg_color__hover_enabled=&#8221;off&#8221;][\/et_pb_contact_field][et_pb_contact_field field_id=&#8221;Tel\u00e9fono&#8221; field_title=&#8221;Tel\u00e9fono&#8221; fullwidth_field=&#8221;on&#8221; _builder_version=&#8221;4.0.5&#8243;][\/et_pb_contact_field][et_pb_contact_field field_id=&#8221;Message&#8221; field_title=&#8221;MENSAJE&#8221; field_type=&#8221;text&#8221; fullwidth_field=&#8221;on&#8221; _builder_version=&#8221;3.22.7&#8243; button_text_size__hover_enabled=&#8221;off&#8221; button_one_text_size__hover_enabled=&#8221;off&#8221; button_two_text_size__hover_enabled=&#8221;off&#8221; button_text_color__hover_enabled=&#8221;off&#8221; button_one_text_color__hover_enabled=&#8221;off&#8221; button_two_text_color__hover_enabled=&#8221;off&#8221; button_border_width__hover_enabled=&#8221;off&#8221; button_one_border_width__hover_enabled=&#8221;off&#8221; button_two_border_width__hover_enabled=&#8221;off&#8221; button_border_color__hover_enabled=&#8221;off&#8221; button_one_border_color__hover_enabled=&#8221;off&#8221; button_two_border_color__hover_enabled=&#8221;off&#8221; button_border_radius__hover_enabled=&#8221;off&#8221; button_one_border_radius__hover_enabled=&#8221;off&#8221; button_two_border_radius__hover_enabled=&#8221;off&#8221; button_letter_spacing__hover_enabled=&#8221;off&#8221; button_one_letter_spacing__hover_enabled=&#8221;off&#8221; button_two_letter_spacing__hover_enabled=&#8221;off&#8221; button_bg_color__hover_enabled=&#8221;off&#8221; button_one_bg_color__hover_enabled=&#8221;off&#8221; button_two_bg_color__hover_enabled=&#8221;off&#8221;][\/et_pb_contact_field][\/et_pb_contact_form][\/et_pb_column][et_pb_column type=&#8221;1_3&#8243; _builder_version=&#8221;3.25&#8243; custom_padding=&#8221;|||&#8221; custom_padding__hover=&#8221;|||&#8221;][et_pb_blurb title=&#8221;TEL\u00c9FONOS&#8221; use_icon=&#8221;on&#8221; font_icon=&#8221;%%264%%&#8221; icon_color=&#8221;#000000&#8243; icon_placement=&#8221;left&#8221; content_max_width=&#8221;1100px&#8221; _builder_version=&#8221;4.0.5&#8243; header_font=&#8221;|800||on|||||&#8221; header_text_color=&#8221;#000000&#8243; header_font_size=&#8221;16px&#8221; header_letter_spacing=&#8221;0.5px&#8221; header_line_height=&#8221;1.7em&#8221; body_font=&#8221;Open Sans||||||||&#8221; body_line_height=&#8221;2em&#8221; background_layout=&#8221;dark&#8221; locked=&#8221;off&#8221;]<\/p>\n<h5><span style=\"color: #000000;\">Celular: 229 168 0596<\/span><\/h5>\n<p>[\/et_pb_blurb][et_pb_blurb title=&#8221;E-mail&#8221; use_icon=&#8221;on&#8221; font_icon=&#8221;%%238%%&#8221; icon_color=&#8221;#000000&#8243; icon_placement=&#8221;left&#8221; content_max_width=&#8221;1100px&#8221; _builder_version=&#8221;4.0.5&#8243; header_font=&#8221;|800||on|||||&#8221; header_text_color=&#8221;#000000&#8243; header_font_size=&#8221;16px&#8221; header_letter_spacing=&#8221;0.5px&#8221; header_line_height=&#8221;1.7em&#8221; body_font=&#8221;Open Sans||||||||&#8221; body_line_height=&#8221;2em&#8221; background_layout=&#8221;dark&#8221; locked=&#8221;off&#8221;]<\/p>\n<h5><span style=\"color: #000000;\">ventas@verainmuebles.com<\/span><\/h5>\n<p>[\/et_pb_blurb][\/et_pb_column][\/et_pb_row][\/et_pb_section]<\/p>\n","protected":false},"excerpt":{"rendered":"<p>&nbsp; M\u00e9rida supera a Florencia y Qu\u00e9bec como la Mejor Ciudad del Mundo para vivir &nbsp; Con nosotros, tomar una buena decisi\u00f3n sobre d\u00f3nde vivir o invertir en M\u00e9rida es algo sencillo y sobre todo seguro. SIMCA Desarrollos cuenta con m\u00e1s de 2 d\u00e9cadas de experiencia en el desarrollo inmobiliario y el respaldo de m\u00e1s [&hellip;]<\/p>\n","protected":false},"author":1,"featured_media":0,"parent":0,"menu_order":0,"comment_status":"closed","ping_status":"closed","template":"","meta":{"_et_pb_use_builder":"on","_et_pb_old_content":"","_et_gb_content_width":"","footnotes":""},"class_list":["post-1478","page","type-page","status-publish","hentry"],"_links":{"self":[{"href":"http:\/\/verainmuebles.com\/index.php?rest_route=\/wp\/v2\/pages\/1478"}],"collection":[{"href":"http:\/\/verainmuebles.com\/index.php?rest_route=\/wp\/v2\/pages"}],"about":[{"href":"http:\/\/verainmuebles.com\/index.php?rest_route=\/wp\/v2\/types\/page"}],"author":[{"embeddable":true,"href":"http:\/\/verainmuebles.com\/index.php?rest_route=\/wp\/v2\/users\/1"}],"replies":[{"embeddable":true,"href":"http:\/\/verainmuebles.com\/index.php?rest_route=%2Fwp%2Fv2%2Fcomments&post=1478"}],"version-history":[{"count":26,"href":"http:\/\/verainmuebles.com\/index.php?rest_route=\/wp\/v2\/pages\/1478\/revisions"}],"predecessor-version":[{"id":2192,"href":"http:\/\/verainmuebles.com\/index.php?rest_route=\/wp\/v2\/pages\/1478\/revisions\/2192"}],"wp:attachment":[{"href":"http:\/\/verainmuebles.com\/index.php?rest_route=%2Fwp%2Fv2%2Fmedia&parent=1478"}],"curies":[{"name":"wp","href":"https:\/\/api.w.org\/{rel}","templated":true}]}}