{"id":1493,"date":"2019-11-05T13:28:43","date_gmt":"2019-11-05T19:28:43","guid":{"rendered":"http:\/\/verainmuebles.com\/?page_id=1493"},"modified":"2020-08-24T15:06:23","modified_gmt":"2020-08-24T20:06:23","slug":"playa-del-carmen","status":"publish","type":"page","link":"http:\/\/verainmuebles.com\/?page_id=1493","title":{"rendered":"Playa del Carmen"},"content":{"rendered":"<p>[et_pb_section fb_built=&#8221;1&#8243; _builder_version=&#8221;4.0.5&#8243; background_image=&#8221;http:\/\/verainmuebles.com\/wp-content\/uploads\/2019\/11\/BANNER-RIVIERA-MAYA-VERAINMUEBLES.jpg&#8221; width=&#8221;100%&#8221; max_width=&#8221;100%&#8221; min_height=&#8221;675px&#8221; height=&#8221;670px&#8221; max_height=&#8221;1000px&#8221;][\/et_pb_section][et_pb_section fb_built=&#8221;1&#8243; _builder_version=&#8221;4.0.5&#8243;][et_pb_row _builder_version=&#8221;4.0.5&#8243;][et_pb_column type=&#8221;4_4&#8243; _builder_version=&#8221;4.0.5&#8243;][et_pb_text _builder_version=&#8221;4.0.5&#8243; custom_padding=&#8221;1px|||||&#8221;]<\/p>\n<div class=\"row\">\n<div class=\"col-md-12 text-center margin-bottom-30\">\n<div class=\"row\">\n<div class=\"col-md-12 text-center margin-bottom-30\">\n<h1 class=\"section-title hr-mid\" style=\"text-align: center;\"><strong>Los departamentos m\u00e1s exclusivos de Playa del Carmen.<\/strong><\/h1>\n<p><strong><\/strong><\/p>\n<h4><\/h4>\n<h4 class=\"txt18\" style=\"text-align: justify; padding-left: 30px;\">Hace m\u00e1s de 2 d\u00e9cadas<strong> SIMCA<\/strong> desarrollo su primer edificio de departamentos en Playa del Carmen.<\/h4>\n<p style=\"padding-left: 30px;\">\n<h4 style=\"text-align: justify; padding-left: 30px;\">Hoy ya son 27 los desarrollos totalmente terminados. El com\u00fan denominador en todos sus proyectos es el dise\u00f1o, la calidad y la pasi\u00f3n que le ponemos a cada uno. Tener un departamento en Playa es m\u00e1s que contar con un lugar para vacacionar; es una inversi\u00f3n inteligente, <strong>SIMCA DESARROLLOS<\/strong> se encarga de administrarlo y rentarlo por ti cuando no lo ocupes. \u00bfImaginas tener retornos de inversi\u00f3n de hasta un 10% anual?<\/h4>\n<p>&nbsp;<\/p>\n<h3 class=\"section-title txt28\" style=\"text-align: center;\"><strong>\u00bfEn qu\u00e9 desarrollo te gustar\u00eda vacacionar? (Claro, y ganar dinero):<\/strong><\/h3>\n<\/div>\n<\/div>\n<\/div>\n<\/div>\n<p>[\/et_pb_text][\/et_pb_column][\/et_pb_row][\/et_pb_section][et_pb_section fb_built=&#8221;1&#8243; _builder_version=&#8221;4.0.5&#8243;][et_pb_row column_structure=&#8221;1_2,1_2&#8243; use_custom_gutter=&#8221;on&#8221; gutter_width=&#8221;2&#8243; _builder_version=&#8221;4.0.5&#8243; width=&#8221;100%&#8221; max_width=&#8221;1200px&#8221; module_alignment=&#8221;center&#8221;][et_pb_column type=&#8221;1_2&#8243; _builder_version=&#8221;4.0.5&#8243;][et_pb_video src=&#8221;https:\/\/www.youtube.com\/watch?v=RqmI8J89Vps&#038;feature=youtu.be&#8221; _builder_version=&#8221;4.0.5&#8243;][\/et_pb_video][\/et_pb_column][et_pb_column type=&#8221;1_2&#8243; _builder_version=&#8221;4.0.5&#8243;][et_pb_text _builder_version=&#8221;4.0.5&#8243;]<\/p>\n<h4 class=\"txt15 lineheight20 justify land margin-bottom-5 padding-top-50 padding-bottom-20 padding-right-20 padding-left-20\" style=\"text-align: justify;\"><span><strong>IPANA<\/strong>\u00a0son Departamentos exclusivos ubicados en el Midtown de Playa del Carmen, \u00a0\u00a0dentro de la zona dorada, muy cerca del mar y de la 5ta Avenida,\u00a0 donde todo sucede, por su cercan\u00eda con la playa, restaurantes, boutiques, tiendas y bares. Cuenta con tres torres de departamentos.<\/span><\/h4>\n<h4 class=\"txt15 lineheight20 justify land margin-bottom-5 padding-top-50 padding-bottom-20 padding-right-20 padding-left-20\" style=\"text-align: justify;\"><span>Elige tu departamento de\u00a01, 2 y 3 habitaciones o Penthouse.<\/span><\/h4>\n<h4 style=\"text-align: justify;\"><em>Exclusive apartments located in Midtown, the neighborhood of Playa del Carmen where everything happens, due to its proximity to the beach, restaurants, boutiques, shops and bars. It has three towers of apartments of 1 and up to 3 bedrooms and 27 penthouses.<\/em><span><\/span><\/h4>\n<p><span><\/span><\/p>\n<p><span><\/span><\/p>\n<h4 class=\"txt15 lineheight20 justify land margin-bottom-5 padding-top-50 padding-bottom-20 padding-right-20 padding-left-20\" style=\"text-align: justify;\"><strong>Departamentos desde $180,000 USD<\/strong>.<\/h4>\n<h1><\/h1>\n<p>[\/et_pb_text][et_pb_button button_url=&#8221;https:\/\/bit.ly\/36yD7vf&#8221; url_new_window=&#8221;on&#8221; button_text=&#8221;M\u00c1S INFORMACI\u00d3N&#8221; _builder_version=&#8221;4.0.5&#8243;][\/et_pb_button][\/et_pb_column][\/et_pb_row][et_pb_row column_structure=&#8221;1_2,1_2&#8243; use_custom_gutter=&#8221;on&#8221; gutter_width=&#8221;2&#8243; _builder_version=&#8221;4.0.5&#8243; width=&#8221;100%&#8221; max_width=&#8221;1200px&#8221; module_alignment=&#8221;center&#8221;][et_pb_column type=&#8221;1_2&#8243; _builder_version=&#8221;4.0.5&#8243;][et_pb_video src=&#8221;https:\/\/www.youtube.com\/watch?v=-F8UhFhhfeI&#038;feature=youtu.be&#8221; _builder_version=&#8221;4.0.5&#8243;][\/et_pb_video][\/et_pb_column][et_pb_column type=&#8221;1_2&#8243; _builder_version=&#8221;4.0.5&#8243;][et_pb_text _builder_version=&#8221;4.0.5&#8243;]<\/p>\n<h4><strong>Arena, Sol y El Mar Azul turquesa a la vuelta de la esquina. <\/strong><\/h4>\n<h4 class=\"txt15 lineheight20 justify land margin-bottom-5 padding-top-50 padding-bottom-20 padding-right-20 padding-left-20\" style=\"text-align: justify;\"><span><strong>Serenada<\/strong>, la nueva sensaci\u00f3n de Playa del Carmen, ubicado en el coraz\u00f3n de Siempre Playa Midtown. Un complejo de 64 departamentos de 2 rec\u00e1maras y 6 penthouses. Serenada cuenta con amenidades como piscina en el rooftop, servicio de concierge, gimnasio, kids club y mucho m\u00e1s. Siempre Playa Midtown es un espacio peatonal y comercial, inspirado en la famosa 5a Avenida.<\/span><\/h4>\n<h4 style=\"text-align: justify;\"><em>Serenada is located in the heart of Siempre Playa-Midtown, the new meeting point project that will make Playa del Carmen the favorite spot of the Mayan Riviera. Serenada comprises 64 2-bedroom apartments, and 6 penthouses. There are luxury amenities such as sky bar, gym, kids club, rooftop swimming pool, and an exclusive variety of gastropubs and boutiques.<\/em><\/h4>\n<h4 class=\"txt-price price30 txt20 txt-title padding-left-20\"><strong>Desde $275,000 USD<\/strong><\/h4>\n<p>[\/et_pb_text][et_pb_button button_url=&#8221;https:\/\/bit.ly\/36yD7vf&#8221; url_new_window=&#8221;on&#8221; button_text=&#8221;M\u00c1S INFORMACI\u00d3N&#8221; _builder_version=&#8221;4.0.5&#8243;][\/et_pb_button][\/et_pb_column][\/et_pb_row][et_pb_row column_structure=&#8221;1_2,1_2&#8243; use_custom_gutter=&#8221;on&#8221; gutter_width=&#8221;2&#8243; _builder_version=&#8221;4.0.5&#8243; width=&#8221;100%&#8221; max_width=&#8221;1200px&#8221; module_alignment=&#8221;center&#8221;][et_pb_column type=&#8221;1_2&#8243; _builder_version=&#8221;4.0.5&#8243;][et_pb_video src=&#8221;https:\/\/www.youtube.com\/watch?v=Xz9_bxUbUc4&#038;feature=youtu.be&#8221; _builder_version=&#8221;4.0.5&#8243;][\/et_pb_video][\/et_pb_column][et_pb_column type=&#8221;1_2&#8243; _builder_version=&#8221;4.0.5&#8243;][et_pb_text _builder_version=&#8221;4.0.5&#8243;]<\/p>\n<h4 class=\"txt15 lineheight20 justify land margin-bottom-5 padding-top-50 padding-bottom-20 padding-right-20 padding-left-20\" style=\"text-align: center;\"><span>Su residencia y negocio hotelero,\u00a0<\/span><b>TODO EN UNO.<\/b><span><\/span><\/h4>\n<h4 class=\"txt15 lineheight20 justify land margin-bottom-5 padding-top-50 padding-bottom-20 padding-right-20 padding-left-20\" style=\"text-align: center;\"><span>Invierte en la nueva cadena de condohoteles Singular Residence Hotel. <\/span><\/h4>\n<h4 class=\"txt15 lineheight20 justify land margin-bottom-5 padding-top-50 padding-bottom-20 padding-right-20 padding-left-20\" style=\"text-align: justify;\"><span><strong>Singular Dream<\/strong>, es el segundo complejo de nuestro modelo de negocio con 0% de riesgo, garantizado. Convierte tu departamento en un hotel de lujo cuando no lo ocupes.<\/span><\/h4>\n<h4 style=\"text-align: justify;\"><em>It&#8217;s very simple: Your residence and hotel business,<b>\u00a0ALL IN ONE.<\/b><\/em><\/h4>\n<h4 style=\"text-align: justify;\"><em>This business model allows our investors to acquire a property where they can stay while on vacation or rent out as a hotel room while they&#8217;re not using it.<\/em><\/h4>\n<h4 style=\"text-align: justify;\"><em>This is a NON-RISK, GUARANTEED investment with an important RETURN ON INVESTMENT (ROI)<\/em>.<\/h4>\n<h4 class=\"txt-price price30 txt20 txt-title padding-left-20\"><strong><\/strong><\/h4>\n<h4 class=\"txt-price price30 txt20 txt-title padding-left-20\"><strong>Desde $213,690 USD<\/strong><\/h4>\n<p>[\/et_pb_text][et_pb_button button_url=&#8221;https:\/\/bit.ly\/36yD7vf&#8221; url_new_window=&#8221;on&#8221; button_text=&#8221;M\u00c1S INFORMACI\u00d3N&#8221; _builder_version=&#8221;4.0.5&#8243;][\/et_pb_button][\/et_pb_column][\/et_pb_row][et_pb_row column_structure=&#8221;1_2,1_2&#8243; use_custom_gutter=&#8221;on&#8221; gutter_width=&#8221;2&#8243; _builder_version=&#8221;4.0.5&#8243; width=&#8221;100%&#8221; max_width=&#8221;1200px&#8221; module_alignment=&#8221;center&#8221;][et_pb_column type=&#8221;1_2&#8243; _builder_version=&#8221;4.0.5&#8243;][et_pb_video src=&#8221;https:\/\/www.youtube.com\/watch?v=jxAwn1KINPQ&#038;feature=youtu.be&#8221; _builder_version=&#8221;4.0.5&#8243;][\/et_pb_video][\/et_pb_column][et_pb_column type=&#8221;1_2&#8243; _builder_version=&#8221;4.0.5&#8243;][et_pb_text _builder_version=&#8221;4.0.5&#8243;]<\/p>\n<h4 class=\"txt15 lineheight20 justify land margin-bottom-5 padding-top-50 padding-bottom-20 padding-right-20 padding-left-20\"><span>\u00a0<strong>\u00bfQuieres tenerlo todo?<\/strong><\/span><\/h4>\n<h4 class=\"txt15 lineheight20 justify land margin-bottom-5 padding-top-50 padding-bottom-20 padding-right-20 padding-left-20\" style=\"text-align: justify;\">Entonces Bienvenido a <strong>Miranda,<\/strong> que se ubica a 100 metros de la 5a Avenida y 100 metros del mar, en la calle m\u00e1s exclusiva de Playa del Carmen. Cuenta con una gran \u00e1rea peatonal con restaurantes, bares y servicios de primer nivel a tus pies.<\/h4>\n<h4 class=\"txt15 lineheight20 justify land margin-bottom-5 padding-top-50 padding-bottom-20 padding-right-20 padding-left-20\">Un Chic Beach Condo en toda la extensi\u00f3n de la palabra.<span><\/span><\/h4>\n<h4><em>Miranda is located 100 meters from 5th Avenue and 100 meters from the beach, in the most exclusive street of Playa del Carmen, 38th street. It has a large pedestrian area full of restaurants, bars, and first class services at steps away from your new home.<\/em><\/h4>\n<h4><strong><em>A Chic Beach condo at its finest.<\/em><\/strong><\/h4>\n<h4 class=\"txt-price price30 txt20 txt-title padding-left-20\"><strong>Desde $301,300 USD<\/strong><\/h4>\n<p>[\/et_pb_text][et_pb_button button_url=&#8221;https:\/\/bit.ly\/36yD7vf&#8221; url_new_window=&#8221;on&#8221; button_text=&#8221;M\u00c1S INFORMACI\u00d3N&#8221; _builder_version=&#8221;4.0.5&#8243;][\/et_pb_button][\/et_pb_column][\/et_pb_row][et_pb_row column_structure=&#8221;1_2,1_2&#8243; use_custom_gutter=&#8221;on&#8221; gutter_width=&#8221;2&#8243; _builder_version=&#8221;4.0.5&#8243; width=&#8221;100%&#8221; max_width=&#8221;1200px&#8221; module_alignment=&#8221;center&#8221;][et_pb_column type=&#8221;1_2&#8243; _builder_version=&#8221;4.0.5&#8243;][et_pb_video src=&#8221;https:\/\/www.youtube.com\/watch?v=8MB71aTQSc0&#038;feature=youtu.be&#8221; _builder_version=&#8221;4.0.5&#8243;][\/et_pb_video][\/et_pb_column][et_pb_column type=&#8221;1_2&#8243; _builder_version=&#8221;4.0.5&#8243;][et_pb_text _builder_version=&#8221;4.0.5&#8243;]<\/p>\n<h4 class=\"txt15 lineheight20 justify land margin-bottom-5 padding-top-50 padding-bottom-20 padding-right-20 padding-left-20\"><strong>Es como en tus sue\u00f1os,\u00a0pero tantito mejor<\/strong><\/h4>\n<h4 class=\"txt15 lineheight20 justify land margin-bottom-5 padding-top-50 padding-bottom-20 padding-right-20 padding-left-20\" style=\"text-align: justify;\"><strong>Cruz con Mar<\/strong> esta formado por 60 departamentos de 1, 2 y 3 rec\u00e1maras ubicados en Playa Mamitas, la cual es una de las zonas m\u00e1s privilegiadas de Playa del Carmen. Est\u00e1 literalmente a unos pasos del mar y a otros tantos de la famosa 5a avenida. Y esa isla que se ve del otro lado del mar, es Cozumel.<\/h4>\n<h4 style=\"text-align: justify;\"><em>With an incredible sea view from the first floor, Cruz con Mar is a development of 60 apartments where you can wake up every day with the Caribbean Sea as a witness. Located right next to the famous Playa Mamitas club. 1, 2 and 3 bedrooms Apartments and Penthouses with an incredible view of the Caribbean sea<\/em><\/h4>\n<h4 class=\"txt-price price30 txt20 txt-title padding-left-20\"><strong>Desde $319,000 USD<\/strong><\/h4>\n<p>[\/et_pb_text][et_pb_button button_url=&#8221;https:\/\/bit.ly\/36yD7vf&#8221; url_new_window=&#8221;on&#8221; button_text=&#8221;M\u00c1S INFORMACI\u00d3N&#8221; _builder_version=&#8221;4.0.5&#8243;][\/et_pb_button][\/et_pb_column][\/et_pb_row][et_pb_row column_structure=&#8221;1_2,1_2&#8243; use_custom_gutter=&#8221;on&#8221; gutter_width=&#8221;2&#8243; _builder_version=&#8221;4.0.5&#8243; width=&#8221;100%&#8221; max_width=&#8221;1200px&#8221; module_alignment=&#8221;center&#8221;][et_pb_column type=&#8221;1_2&#8243; _builder_version=&#8221;4.0.5&#8243;][et_pb_video src=&#8221;https:\/\/www.youtube.com\/watch?v=hOInowaNeGo&#038;feature=youtu.be&#8221; _builder_version=&#8221;4.0.5&#8243;][\/et_pb_video][\/et_pb_column][et_pb_column type=&#8221;1_2&#8243; _builder_version=&#8221;4.0.5&#8243;][et_pb_text _builder_version=&#8221;4.0.5&#8243;]<\/p>\n<h4 style=\"text-align: center;\"><strong>Marila es confort frente al mar&#8230;<\/strong><\/h4>\n<h4 style=\"text-align: justify;\"><strong>Marila<\/strong> es un complejo de departamentos de playa a tan solo 100 metros del mar y muy cerquita de la 5a Avenida. En Marila disfrutar\u00e1s de tener todo cerca, los mejores restaurantes, boutiques, bares y todo tipo de servicios, gracias a su privilegiada ubicaci\u00f3n. Cuenta con 6 plantas con 77 departamentos de 1, 2 y 3 rec\u00e1maras y 5 penthouses.<\/h4>\n<h4 style=\"text-align: justify;\"><em>Marila is a beach condo complex, just one block away from the Caribbean Sea, and next to 5th Ave. At Marila, you will enjoy having everything nearby: the best restaurants, boutiques, bars, and much more, thanks to its unbeatable location. Marila is a 6-story building which comprises 77 1, 2 &amp; 3-bedroom apartments, and 5 penthouses.<\/em><\/h4>\n<h4 class=\"txt-price price30 txt20 txt-title padding-left-20\" style=\"text-align: justify;\"><strong>Desde $390,000 USD<\/strong><\/h4>\n<p>[\/et_pb_text][et_pb_button button_url=&#8221;https:\/\/bit.ly\/36yD7vf&#8221; url_new_window=&#8221;on&#8221; button_text=&#8221;M\u00c1S INFORMACI\u00d3N&#8221; _builder_version=&#8221;4.0.5&#8243;][\/et_pb_button][\/et_pb_column][\/et_pb_row][\/et_pb_section][et_pb_section fb_built=&#8221;1&#8243; admin_label=&#8221;Hero&#8221; _builder_version=&#8221;4.0.5&#8243; background_image=&#8221;http:\/\/verainmuebles.com\/wp-content\/uploads\/2019\/11\/BANNER-ABAJO-VERA-SIMCA.jpg&#8221; custom_margin=&#8221;||40px|||&#8221; custom_padding=&#8221;80px|0|80px||true|false&#8221;][et_pb_row _builder_version=&#8221;3.25&#8243; custom_margin=&#8221;|||&#8221;][et_pb_column type=&#8221;4_4&#8243; _builder_version=&#8221;3.25&#8243; custom_padding=&#8221;|||&#8221; custom_padding__hover=&#8221;|||&#8221;][et_pb_text _builder_version=&#8221;3.27.4&#8243; text_font=&#8221;Open Sans||||||||&#8221; text_font_size=&#8221;20px&#8221; text_line_height=&#8221;2em&#8221; header_font=&#8221;|800||on|||||&#8221; header_font_size=&#8221;68px&#8221; header_line_height=&#8221;1.4em&#8221; background_layout=&#8221;dark&#8221; max_width=&#8221;700px&#8221; text_font_size_tablet=&#8221;&#8221; text_font_size_phone=&#8221;16px&#8221; text_font_size_last_edited=&#8221;on|phone&#8221; header_font_size_tablet=&#8221;44px&#8221; header_font_size_phone=&#8221;24px&#8221; header_font_size_last_edited=&#8221;on|desktop&#8221; header_line_height_tablet=&#8221;1.4em&#8221; header_line_height_phone=&#8221;1.4em&#8221; header_line_height_last_edited=&#8221;on|desktop&#8221;]<\/p>\n<h1><span style=\"color: #000000;\">CONT\u00c1CTENOS<\/span><\/h1>\n<p>[\/et_pb_text][\/et_pb_column][\/et_pb_row][et_pb_row column_structure=&#8221;2_3,1_3&#8243; _builder_version=&#8221;3.25&#8243; locked=&#8221;off&#8221;][et_pb_column type=&#8221;2_3&#8243; _builder_version=&#8221;3.25&#8243; custom_padding=&#8221;|||&#8221; custom_padding__hover=&#8221;|||&#8221;][et_pb_contact_form email=&#8221;ventas@verainmuebles.com&#8221; submit_button_text=&#8221;ENVIAR&#8221; module_id=&#8221;et_pb_contact_form_1&#8243; _builder_version=&#8221;4.5.7&#8243; form_field_background_color=&#8221;rgba(0,0,0,0)&#8221; form_field_text_color=&#8221;#000000&#8243; form_field_focus_text_color=&#8221;#000000&#8243; title_text_color=&#8221;#000000&#8243; form_field_font=&#8221;Open Sans||||||||&#8221; form_field_font_size=&#8221;16px&#8221; form_field_line_height=&#8221;2em&#8221; custom_button=&#8221;on&#8221; button_text_size=&#8221;16px&#8221; button_text_color=&#8221;#000000&#8243; button_border_width=&#8221;0px&#8221; button_border_color=&#8221;#000000&#8243; button_border_radius=&#8221;0px&#8221; button_letter_spacing=&#8221;1px&#8221; button_font=&#8221;Roboto|700||on|||||&#8221; button_use_icon=&#8221;off&#8221; hover_enabled=&#8221;0&#8243; border_width_all=&#8221;2px&#8221; border_color_all=&#8221;#0c71c3&#8243; button_text_shadow_style=&#8221;preset1&#8243; button_text_shadow_color=&#8221;rgba(0,0,0,0)&#8221; box_shadow_style_button=&#8221;preset1&#8243; box_shadow_color_button=&#8221;#000000&#8243; text_shadow_style=&#8221;preset2&#8243; text_shadow_color=&#8221;#000000&#8243; form_background_color=&#8221;rgba(0,0,0,0)&#8221; locked=&#8221;off&#8221; button_border_radius_hover=&#8221;0px&#8221; button_letter_spacing_hover=&#8221;1px&#8221;][et_pb_contact_field field_id=&#8221;Name&#8221; field_title=&#8221;NOMBRE&#8221; _builder_version=&#8221;3.22.7&#8243; button_text_size__hover_enabled=&#8221;off&#8221; button_one_text_size__hover_enabled=&#8221;off&#8221; button_two_text_size__hover_enabled=&#8221;off&#8221; button_text_color__hover_enabled=&#8221;off&#8221; button_one_text_color__hover_enabled=&#8221;off&#8221; button_two_text_color__hover_enabled=&#8221;off&#8221; button_border_width__hover_enabled=&#8221;off&#8221; button_one_border_width__hover_enabled=&#8221;off&#8221; button_two_border_width__hover_enabled=&#8221;off&#8221; button_border_color__hover_enabled=&#8221;off&#8221; button_one_border_color__hover_enabled=&#8221;off&#8221; button_two_border_color__hover_enabled=&#8221;off&#8221; button_border_radius__hover_enabled=&#8221;off&#8221; button_one_border_radius__hover_enabled=&#8221;off&#8221; button_two_border_radius__hover_enabled=&#8221;off&#8221; button_letter_spacing__hover_enabled=&#8221;off&#8221; button_one_letter_spacing__hover_enabled=&#8221;off&#8221; button_two_letter_spacing__hover_enabled=&#8221;off&#8221; button_bg_color__hover_enabled=&#8221;off&#8221; button_one_bg_color__hover_enabled=&#8221;off&#8221; button_two_bg_color__hover_enabled=&#8221;off&#8221;][\/et_pb_contact_field][et_pb_contact_field field_id=&#8221;Email&#8221; field_title=&#8221;CORREO&#8221; field_type=&#8221;email&#8221; _builder_version=&#8221;3.22.7&#8243; button_text_size__hover_enabled=&#8221;off&#8221; button_one_text_size__hover_enabled=&#8221;off&#8221; button_two_text_size__hover_enabled=&#8221;off&#8221; button_text_color__hover_enabled=&#8221;off&#8221; button_one_text_color__hover_enabled=&#8221;off&#8221; button_two_text_color__hover_enabled=&#8221;off&#8221; button_border_width__hover_enabled=&#8221;off&#8221; button_one_border_width__hover_enabled=&#8221;off&#8221; button_two_border_width__hover_enabled=&#8221;off&#8221; button_border_color__hover_enabled=&#8221;off&#8221; button_one_border_color__hover_enabled=&#8221;off&#8221; button_two_border_color__hover_enabled=&#8221;off&#8221; button_border_radius__hover_enabled=&#8221;off&#8221; button_one_border_radius__hover_enabled=&#8221;off&#8221; button_two_border_radius__hover_enabled=&#8221;off&#8221; button_letter_spacing__hover_enabled=&#8221;off&#8221; button_one_letter_spacing__hover_enabled=&#8221;off&#8221; button_two_letter_spacing__hover_enabled=&#8221;off&#8221; button_bg_color__hover_enabled=&#8221;off&#8221; button_one_bg_color__hover_enabled=&#8221;off&#8221; button_two_bg_color__hover_enabled=&#8221;off&#8221;][\/et_pb_contact_field][et_pb_contact_field field_id=&#8221;Tel\u00e9fono&#8221; field_title=&#8221;Tel\u00e9fono&#8221; fullwidth_field=&#8221;on&#8221; _builder_version=&#8221;4.0.5&#8243;][\/et_pb_contact_field][et_pb_contact_field field_id=&#8221;Message&#8221; field_title=&#8221;MENSAJE&#8221; field_type=&#8221;text&#8221; fullwidth_field=&#8221;on&#8221; _builder_version=&#8221;3.22.7&#8243; button_text_size__hover_enabled=&#8221;off&#8221; button_one_text_size__hover_enabled=&#8221;off&#8221; button_two_text_size__hover_enabled=&#8221;off&#8221; button_text_color__hover_enabled=&#8221;off&#8221; button_one_text_color__hover_enabled=&#8221;off&#8221; button_two_text_color__hover_enabled=&#8221;off&#8221; button_border_width__hover_enabled=&#8221;off&#8221; button_one_border_width__hover_enabled=&#8221;off&#8221; button_two_border_width__hover_enabled=&#8221;off&#8221; button_border_color__hover_enabled=&#8221;off&#8221; button_one_border_color__hover_enabled=&#8221;off&#8221; button_two_border_color__hover_enabled=&#8221;off&#8221; button_border_radius__hover_enabled=&#8221;off&#8221; button_one_border_radius__hover_enabled=&#8221;off&#8221; button_two_border_radius__hover_enabled=&#8221;off&#8221; button_letter_spacing__hover_enabled=&#8221;off&#8221; button_one_letter_spacing__hover_enabled=&#8221;off&#8221; button_two_letter_spacing__hover_enabled=&#8221;off&#8221; button_bg_color__hover_enabled=&#8221;off&#8221; button_one_bg_color__hover_enabled=&#8221;off&#8221; button_two_bg_color__hover_enabled=&#8221;off&#8221;][\/et_pb_contact_field][\/et_pb_contact_form][\/et_pb_column][et_pb_column type=&#8221;1_3&#8243; _builder_version=&#8221;3.25&#8243; custom_padding=&#8221;|||&#8221; custom_padding__hover=&#8221;|||&#8221;][et_pb_blurb title=&#8221;TEL\u00c9FONOS&#8221; use_icon=&#8221;on&#8221; font_icon=&#8221;%%264%%&#8221; icon_color=&#8221;#000000&#8243; icon_placement=&#8221;left&#8221; content_max_width=&#8221;1100px&#8221; _builder_version=&#8221;4.0.5&#8243; header_font=&#8221;|800||on|||||&#8221; header_text_color=&#8221;#000000&#8243; header_font_size=&#8221;16px&#8221; header_letter_spacing=&#8221;0.5px&#8221; header_line_height=&#8221;1.7em&#8221; body_font=&#8221;Open Sans||||||||&#8221; body_line_height=&#8221;2em&#8221; background_layout=&#8221;dark&#8221; locked=&#8221;off&#8221;]<\/p>\n<h5><span style=\"color: #000000;\">Celular: 229 168 0596<\/span><\/h5>\n<p>[\/et_pb_blurb][et_pb_blurb title=&#8221;E-mail&#8221; use_icon=&#8221;on&#8221; font_icon=&#8221;%%238%%&#8221; icon_color=&#8221;#000000&#8243; icon_placement=&#8221;left&#8221; content_max_width=&#8221;1100px&#8221; _builder_version=&#8221;4.0.5&#8243; header_font=&#8221;|800||on|||||&#8221; header_text_color=&#8221;#000000&#8243; header_font_size=&#8221;16px&#8221; header_letter_spacing=&#8221;0.5px&#8221; header_line_height=&#8221;1.7em&#8221; body_font=&#8221;Open Sans||||||||&#8221; body_line_height=&#8221;2em&#8221; background_layout=&#8221;dark&#8221; locked=&#8221;off&#8221;]<\/p>\n<h5><span style=\"color: #000000;\">ventas@verainmuebles.com<\/span><\/h5>\n<p>[\/et_pb_blurb][\/et_pb_column][\/et_pb_row][\/et_pb_section]<\/p>\n","protected":false},"excerpt":{"rendered":"<p>Los departamentos m\u00e1s exclusivos de Playa del Carmen. Hace m\u00e1s de 2 d\u00e9cadas SIMCA desarrollo su primer edificio de departamentos en Playa del Carmen. Hoy ya son 27 los desarrollos totalmente terminados. El com\u00fan denominador en todos sus proyectos es el dise\u00f1o, la calidad y la pasi\u00f3n que le ponemos a cada uno. Tener un [&hellip;]<\/p>\n","protected":false},"author":1,"featured_media":0,"parent":0,"menu_order":0,"comment_status":"closed","ping_status":"closed","template":"","meta":{"_et_pb_use_builder":"on","_et_pb_old_content":"","_et_gb_content_width":"","footnotes":""},"class_list":["post-1493","page","type-page","status-publish","hentry"],"_links":{"self":[{"href":"http:\/\/verainmuebles.com\/index.php?rest_route=\/wp\/v2\/pages\/1493"}],"collection":[{"href":"http:\/\/verainmuebles.com\/index.php?rest_route=\/wp\/v2\/pages"}],"about":[{"href":"http:\/\/verainmuebles.com\/index.php?rest_route=\/wp\/v2\/types\/page"}],"author":[{"embeddable":true,"href":"http:\/\/verainmuebles.com\/index.php?rest_route=\/wp\/v2\/users\/1"}],"replies":[{"embeddable":true,"href":"http:\/\/verainmuebles.com\/index.php?rest_route=%2Fwp%2Fv2%2Fcomments&post=1493"}],"version-history":[{"count":25,"href":"http:\/\/verainmuebles.com\/index.php?rest_route=\/wp\/v2\/pages\/1493\/revisions"}],"predecessor-version":[{"id":2191,"href":"http:\/\/verainmuebles.com\/index.php?rest_route=\/wp\/v2\/pages\/1493\/revisions\/2191"}],"wp:attachment":[{"href":"http:\/\/verainmuebles.com\/index.php?rest_route=%2Fwp%2Fv2%2Fmedia&parent=1493"}],"curies":[{"name":"wp","href":"https:\/\/api.w.org\/{rel}","templated":true}]}}