{"id":1495,"date":"2019-11-05T13:29:26","date_gmt":"2019-11-05T19:29:26","guid":{"rendered":"http:\/\/verainmuebles.com\/?page_id=1495"},"modified":"2020-08-24T15:03:49","modified_gmt":"2020-08-24T20:03:49","slug":"tulum","status":"publish","type":"page","link":"http:\/\/verainmuebles.com\/?page_id=1495","title":{"rendered":"Tulum"},"content":{"rendered":"<p>[et_pb_section fb_built=&#8221;1&#8243; _builder_version=&#8221;4.0.5&#8243; background_image=&#8221;http:\/\/verainmuebles.com\/wp-content\/uploads\/2019\/11\/BANNER-MAIL-CHIMP-RIVIERA-MAYA.jpg&#8221; width=&#8221;100%&#8221; max_width=&#8221;100%&#8221; min_height=&#8221;675px&#8221; height=&#8221;670px&#8221; max_height=&#8221;1000px&#8221;][\/et_pb_section][et_pb_section fb_built=&#8221;1&#8243; _builder_version=&#8221;4.0.5&#8243;][et_pb_row _builder_version=&#8221;4.0.5&#8243;][et_pb_column type=&#8221;4_4&#8243; _builder_version=&#8221;4.0.5&#8243;][et_pb_text _builder_version=&#8221;4.0.5&#8243;]<\/p>\n<div class=\"row\">\n<div class=\"col-md-12 text-center margin-bottom-30\">\n<div class=\"row\">\n<div class=\"col-md-12 text-center margin-bottom-30\">\n<h1 class=\"section-title hr-mid\" style=\"text-align: center;\"><strong>Tulum, el para\u00edso a tu alcance.<\/strong><\/h1>\n<p><strong><\/strong><\/p>\n<p><strong><\/strong><\/p>\n<h3 class=\"txt18\" style=\"text-align: center;\"><span style=\"font-size: medium;\">Seguramente ya conoces Tulum y te has enamorado tanto como nosotros.<\/span><\/h3>\n<h3 style=\"text-align: justify;\"><span style=\"font-size: medium;\"> Invertir en un departamento en este m\u00e1gico destino es una decisi\u00f3n inteligente: por un lado, contar\u00e1s con una propiedad vacacional que d\u00eda a d\u00eda aumentar\u00e1 su valor; y por el otro, podemos administrarlo por ti cuando no lo ocupes gener\u00e1ndote retornos de inversi\u00f3n de hasta un 10% anual. Ese es el caso de nuestros clientes de PRANA, nuestro anterior desarrollo totalmente vendido, ubicado en el coraz\u00f3n de Aldea Zam\u00e1.<\/span><\/h3>\n<h3 style=\"text-align: justify;\"><span style=\"font-size: medium;\"> Vacacionar y ganar dinero van de la mano.<\/span><\/h3>\n<h3 class=\"section-title txt28\" style=\"text-align: center;\"><strong>\u00c9chale un vistazo a Costa Caribe, nuestro nuevo desarrollo:<\/strong><\/h3>\n<\/div>\n<\/div>\n<\/div>\n<\/div>\n<p>[\/et_pb_text][\/et_pb_column][\/et_pb_row][\/et_pb_section][et_pb_section fb_built=&#8221;1&#8243; _builder_version=&#8221;4.0.5&#8243;][et_pb_row column_structure=&#8221;1_2,1_2&#8243; use_custom_gutter=&#8221;on&#8221; gutter_width=&#8221;2&#8243; _builder_version=&#8221;4.0.5&#8243; width=&#8221;100%&#8221; max_width=&#8221;1200px&#8221; module_alignment=&#8221;center&#8221;][et_pb_column type=&#8221;1_2&#8243; _builder_version=&#8221;4.0.5&#8243;][et_pb_video src=&#8221;https:\/\/www.youtube.com\/watch?v=j4DgEeSkNSE&#8221; _builder_version=&#8221;4.0.5&#8243;][\/et_pb_video][\/et_pb_column][et_pb_column type=&#8221;1_2&#8243; _builder_version=&#8221;4.0.5&#8243;][et_pb_text _builder_version=&#8221;4.0.5&#8243;]<\/p>\n<h4 class=\"txt15 lineheight20 justify land margin-bottom-5 padding-top-50 padding-bottom-20 padding-right-20 padding-left-20\" style=\"text-align: justify;\"><strong>Querido Tulum<\/strong> colinda con nuestro desarrollo totalmente vendido PRANA, ambos en el corazo\u0301n de Tulum: Aldea Zama\u0301. Este ma\u0301gico desarrollo, disen\u0303ado por Reyes Ri\u0301os + Larrai\u0301n Arquitectos representa la esencia mi\u0301stica de la Riviera: materiales de la regio\u0301n, texturas y una abundante vegetacio\u0301n hara\u0301n de tus di\u0301as en Tulum un suen\u0303o.<\/h4>\n<h4 class=\"txt15 lineheight20 justify land margin-bottom-5 padding-top-50 padding-bottom-20 padding-right-20 padding-left-20\" style=\"text-align: justify;\"><span>Son 38 departamentos todos con acabados de lujo,\u00a0<\/span><span class=\"fw-l\">pero respetando los est\u00e1ndares de materiales de la regi\u00f3n.\u00a0<\/span><\/h4>\n<h4 style=\"text-align: justify;\"><em><span class=\"fw-l\">Querido Tulum adjoins our fully-developed PRANA development, both in the heart of Tulum: Aldea Zam\u00e1. This magical development, designed by Reyes Rios + Larra\u00edn Arquitectos represents the mystical essence of the Riviera: materials of the region, textures and an abundant vegetation will make your days in Tulum a dream.<\/span><\/em><\/h4>\n<h4 class=\"txt-price price30 txt20 txt-title padding-left-20\"><strong>Desde $275,675 USD<\/strong><\/h4>\n<p>[\/et_pb_text][et_pb_button button_url=&#8221;https:\/\/bit.ly\/36yD7vf&#8221; url_new_window=&#8221;on&#8221; button_text=&#8221;M\u00c1S INFORMACI\u00d3N&#8221; _builder_version=&#8221;4.0.5&#8243;][\/et_pb_button][\/et_pb_column][\/et_pb_row][et_pb_row column_structure=&#8221;1_2,1_2&#8243; use_custom_gutter=&#8221;on&#8221; gutter_width=&#8221;2&#8243; _builder_version=&#8221;4.0.5&#8243; width=&#8221;100%&#8221; max_width=&#8221;1200px&#8221; module_alignment=&#8221;center&#8221;][et_pb_column type=&#8221;1_2&#8243; _builder_version=&#8221;4.0.5&#8243;][et_pb_video src=&#8221;https:\/\/www.youtube.com\/watch?v=DT_dN_31NmA&#038;feature=youtu.be&#8221; _builder_version=&#8221;4.0.5&#8243;][\/et_pb_video][\/et_pb_column][et_pb_column type=&#8221;1_2&#8243; _builder_version=&#8221;4.0.5&#8243;][et_pb_text _builder_version=&#8221;4.0.5&#8243;]<\/p>\n<h4 class=\"italic white\"><strong>La nueva maravilla de Tulum<\/strong><\/h4>\n<h4 style=\"text-align: justify;\">\u00a0<span style=\"font-size: 18px; color: #333333; text-align: justify;\"><strong>Costa Caribe<\/strong> en Tulum, es un complejo de 66 departamentos distribuidos en 4 niveles.<\/span><\/h4>\n<h4 class=\"txt15 lineheight20 justify land margin-bottom-5 padding-top-50 padding-bottom-20 padding-right-20 padding-left-20\" style=\"text-align: justify;\"><span>54 departamentos de 1, 2 y 3 rec\u00e1maras y 12 penthouses.<\/span><\/h4>\n<h4 class=\"txt15 lineheight20 justify land margin-bottom-5 padding-top-50 padding-bottom-20 padding-right-20 padding-left-20\" style=\"text-align: justify;\"><span>Costa Caribe est\u00e1 ubicado en la mejor zona residencial de Tulum, Aldea Zam\u00e1, a tan solo 5 minutos de la playa y del pueblo.<\/span><\/h4>\n<h4 style=\"text-align: justify;\"><span>\u00a0<em>Luxury apartments with 2 bedrooms and 3 bedroom penthouses, in the best residential area of Tulum, Aldea Zama.<\/em><\/span><\/h4>\n<h4 style=\"text-align: justify;\"><em>On 3 levels, 22 units of 2 bedrooms and<br \/>3 bedroom penthouses.<\/em><\/h4>\n<h4 style=\"text-align: justify;\"><em>Costa Caribe is located in the luxurious residential development of Aldea Zam\u00e1, right in the center of the fishing village. Only 5 minutes from the beach.<\/em><\/h4>\n<h4 class=\"txt-price price30 txt20 txt-title padding-left-20\"><strong>Desde $145,400 USD<\/strong><\/h4>\n<p>[\/et_pb_text][et_pb_button button_url=&#8221;https:\/\/bit.ly\/36yD7vf&#8221; url_new_window=&#8221;on&#8221; button_text=&#8221;M\u00c1S INFORMACI\u00d3N&#8221; _builder_version=&#8221;4.0.5&#8243;][\/et_pb_button][\/et_pb_column][\/et_pb_row][\/et_pb_section][et_pb_section fb_built=&#8221;1&#8243; admin_label=&#8221;Hero&#8221; _builder_version=&#8221;4.0.5&#8243; background_image=&#8221;http:\/\/verainmuebles.com\/wp-content\/uploads\/2019\/11\/BANNER-ABAJO-VERA-SIMCA.jpg&#8221; custom_margin=&#8221;||40px|||&#8221; custom_padding=&#8221;80px|0|80px||true|false&#8221;][et_pb_row _builder_version=&#8221;3.25&#8243; custom_margin=&#8221;|||&#8221;][et_pb_column type=&#8221;4_4&#8243; _builder_version=&#8221;3.25&#8243; custom_padding=&#8221;|||&#8221; custom_padding__hover=&#8221;|||&#8221;][et_pb_text _builder_version=&#8221;3.27.4&#8243; text_font=&#8221;Open Sans||||||||&#8221; text_font_size=&#8221;20px&#8221; text_line_height=&#8221;2em&#8221; header_font=&#8221;|800||on|||||&#8221; header_font_size=&#8221;68px&#8221; header_line_height=&#8221;1.4em&#8221; background_layout=&#8221;dark&#8221; max_width=&#8221;700px&#8221; text_font_size_tablet=&#8221;&#8221; text_font_size_phone=&#8221;16px&#8221; text_font_size_last_edited=&#8221;on|phone&#8221; header_font_size_tablet=&#8221;44px&#8221; header_font_size_phone=&#8221;24px&#8221; header_font_size_last_edited=&#8221;on|desktop&#8221; header_line_height_tablet=&#8221;1.4em&#8221; header_line_height_phone=&#8221;1.4em&#8221; header_line_height_last_edited=&#8221;on|desktop&#8221;]<\/p>\n<h1><span style=\"color: #000000;\">CONT\u00c1CTENOS<\/span><\/h1>\n<p>[\/et_pb_text][\/et_pb_column][\/et_pb_row][et_pb_row column_structure=&#8221;2_3,1_3&#8243; _builder_version=&#8221;3.25&#8243; locked=&#8221;off&#8221;][et_pb_column type=&#8221;2_3&#8243; _builder_version=&#8221;3.25&#8243; custom_padding=&#8221;|||&#8221; custom_padding__hover=&#8221;|||&#8221;][et_pb_contact_form email=&#8221;ventas@verainmuebles.com&#8221; submit_button_text=&#8221;ENVIAR&#8221; module_id=&#8221;et_pb_contact_form_1&#8243; _builder_version=&#8221;4.5.7&#8243; form_field_background_color=&#8221;rgba(0,0,0,0)&#8221; form_field_text_color=&#8221;#000000&#8243; form_field_focus_text_color=&#8221;#000000&#8243; title_text_color=&#8221;#000000&#8243; form_field_font=&#8221;Open Sans||||||||&#8221; form_field_font_size=&#8221;16px&#8221; form_field_line_height=&#8221;2em&#8221; custom_button=&#8221;on&#8221; button_text_size=&#8221;16px&#8221; button_text_color=&#8221;#000000&#8243; button_border_width=&#8221;0px&#8221; button_border_color=&#8221;#000000&#8243; button_border_radius=&#8221;0px&#8221; button_letter_spacing=&#8221;1px&#8221; button_font=&#8221;Roboto|700||on|||||&#8221; button_use_icon=&#8221;off&#8221; hover_enabled=&#8221;0&#8243; border_width_all=&#8221;2px&#8221; border_color_all=&#8221;#0c71c3&#8243; button_text_shadow_style=&#8221;preset1&#8243; button_text_shadow_color=&#8221;rgba(0,0,0,0)&#8221; box_shadow_style_button=&#8221;preset1&#8243; box_shadow_color_button=&#8221;#000000&#8243; text_shadow_style=&#8221;preset2&#8243; text_shadow_color=&#8221;#000000&#8243; form_background_color=&#8221;rgba(0,0,0,0)&#8221; locked=&#8221;off&#8221; button_border_radius_hover=&#8221;0px&#8221; button_letter_spacing_hover=&#8221;1px&#8221;][et_pb_contact_field field_id=&#8221;Name&#8221; field_title=&#8221;NOMBRE&#8221; _builder_version=&#8221;3.22.7&#8243; button_text_size__hover_enabled=&#8221;off&#8221; button_one_text_size__hover_enabled=&#8221;off&#8221; button_two_text_size__hover_enabled=&#8221;off&#8221; button_text_color__hover_enabled=&#8221;off&#8221; button_one_text_color__hover_enabled=&#8221;off&#8221; button_two_text_color__hover_enabled=&#8221;off&#8221; button_border_width__hover_enabled=&#8221;off&#8221; button_one_border_width__hover_enabled=&#8221;off&#8221; button_two_border_width__hover_enabled=&#8221;off&#8221; button_border_color__hover_enabled=&#8221;off&#8221; button_one_border_color__hover_enabled=&#8221;off&#8221; button_two_border_color__hover_enabled=&#8221;off&#8221; button_border_radius__hover_enabled=&#8221;off&#8221; button_one_border_radius__hover_enabled=&#8221;off&#8221; button_two_border_radius__hover_enabled=&#8221;off&#8221; button_letter_spacing__hover_enabled=&#8221;off&#8221; button_one_letter_spacing__hover_enabled=&#8221;off&#8221; button_two_letter_spacing__hover_enabled=&#8221;off&#8221; button_bg_color__hover_enabled=&#8221;off&#8221; button_one_bg_color__hover_enabled=&#8221;off&#8221; button_two_bg_color__hover_enabled=&#8221;off&#8221;][\/et_pb_contact_field][et_pb_contact_field field_id=&#8221;Email&#8221; field_title=&#8221;CORREO&#8221; field_type=&#8221;email&#8221; _builder_version=&#8221;3.22.7&#8243; button_text_size__hover_enabled=&#8221;off&#8221; button_one_text_size__hover_enabled=&#8221;off&#8221; button_two_text_size__hover_enabled=&#8221;off&#8221; button_text_color__hover_enabled=&#8221;off&#8221; button_one_text_color__hover_enabled=&#8221;off&#8221; button_two_text_color__hover_enabled=&#8221;off&#8221; button_border_width__hover_enabled=&#8221;off&#8221; button_one_border_width__hover_enabled=&#8221;off&#8221; button_two_border_width__hover_enabled=&#8221;off&#8221; button_border_color__hover_enabled=&#8221;off&#8221; button_one_border_color__hover_enabled=&#8221;off&#8221; button_two_border_color__hover_enabled=&#8221;off&#8221; button_border_radius__hover_enabled=&#8221;off&#8221; button_one_border_radius__hover_enabled=&#8221;off&#8221; button_two_border_radius__hover_enabled=&#8221;off&#8221; button_letter_spacing__hover_enabled=&#8221;off&#8221; button_one_letter_spacing__hover_enabled=&#8221;off&#8221; button_two_letter_spacing__hover_enabled=&#8221;off&#8221; button_bg_color__hover_enabled=&#8221;off&#8221; button_one_bg_color__hover_enabled=&#8221;off&#8221; button_two_bg_color__hover_enabled=&#8221;off&#8221;][\/et_pb_contact_field][et_pb_contact_field field_id=&#8221;Tel\u00e9fono&#8221; field_title=&#8221;Tel\u00e9fono&#8221; fullwidth_field=&#8221;on&#8221; _builder_version=&#8221;4.0.5&#8243;][\/et_pb_contact_field][et_pb_contact_field field_id=&#8221;Message&#8221; field_title=&#8221;MENSAJE&#8221; field_type=&#8221;text&#8221; fullwidth_field=&#8221;on&#8221; _builder_version=&#8221;3.22.7&#8243; button_text_size__hover_enabled=&#8221;off&#8221; button_one_text_size__hover_enabled=&#8221;off&#8221; button_two_text_size__hover_enabled=&#8221;off&#8221; button_text_color__hover_enabled=&#8221;off&#8221; button_one_text_color__hover_enabled=&#8221;off&#8221; button_two_text_color__hover_enabled=&#8221;off&#8221; button_border_width__hover_enabled=&#8221;off&#8221; button_one_border_width__hover_enabled=&#8221;off&#8221; button_two_border_width__hover_enabled=&#8221;off&#8221; button_border_color__hover_enabled=&#8221;off&#8221; button_one_border_color__hover_enabled=&#8221;off&#8221; button_two_border_color__hover_enabled=&#8221;off&#8221; button_border_radius__hover_enabled=&#8221;off&#8221; button_one_border_radius__hover_enabled=&#8221;off&#8221; button_two_border_radius__hover_enabled=&#8221;off&#8221; button_letter_spacing__hover_enabled=&#8221;off&#8221; button_one_letter_spacing__hover_enabled=&#8221;off&#8221; button_two_letter_spacing__hover_enabled=&#8221;off&#8221; button_bg_color__hover_enabled=&#8221;off&#8221; button_one_bg_color__hover_enabled=&#8221;off&#8221; button_two_bg_color__hover_enabled=&#8221;off&#8221;][\/et_pb_contact_field][\/et_pb_contact_form][\/et_pb_column][et_pb_column type=&#8221;1_3&#8243; _builder_version=&#8221;3.25&#8243; custom_padding=&#8221;|||&#8221; custom_padding__hover=&#8221;|||&#8221;][et_pb_blurb title=&#8221;TEL\u00c9FONOS&#8221; use_icon=&#8221;on&#8221; font_icon=&#8221;%%264%%&#8221; icon_color=&#8221;#000000&#8243; icon_placement=&#8221;left&#8221; content_max_width=&#8221;1100px&#8221; _builder_version=&#8221;4.0.5&#8243; header_font=&#8221;|800||on|||||&#8221; header_text_color=&#8221;#000000&#8243; header_font_size=&#8221;16px&#8221; header_letter_spacing=&#8221;0.5px&#8221; header_line_height=&#8221;1.7em&#8221; body_font=&#8221;Open Sans||||||||&#8221; body_line_height=&#8221;2em&#8221; background_layout=&#8221;dark&#8221; locked=&#8221;off&#8221;]<\/p>\n<h5><span style=\"color: #000000;\">Celular: 229 168 0596<\/span><\/h5>\n<p>[\/et_pb_blurb][et_pb_blurb title=&#8221;E-mail&#8221; use_icon=&#8221;on&#8221; font_icon=&#8221;%%238%%&#8221; icon_color=&#8221;#000000&#8243; icon_placement=&#8221;left&#8221; content_max_width=&#8221;1100px&#8221; _builder_version=&#8221;4.0.5&#8243; header_font=&#8221;|800||on|||||&#8221; header_text_color=&#8221;#000000&#8243; header_font_size=&#8221;16px&#8221; header_letter_spacing=&#8221;0.5px&#8221; header_line_height=&#8221;1.7em&#8221; body_font=&#8221;Open Sans||||||||&#8221; body_line_height=&#8221;2em&#8221; background_layout=&#8221;dark&#8221; locked=&#8221;off&#8221;]<\/p>\n<h5><span style=\"color: #000000;\">ventas@verainmuebles.com<\/span><\/h5>\n<p>[\/et_pb_blurb][\/et_pb_column][\/et_pb_row][\/et_pb_section]<\/p>\n","protected":false},"excerpt":{"rendered":"<p>Tulum, el para\u00edso a tu alcance. Seguramente ya conoces Tulum y te has enamorado tanto como nosotros. Invertir en un departamento en este m\u00e1gico destino es una decisi\u00f3n inteligente: por un lado, contar\u00e1s con una propiedad vacacional que d\u00eda a d\u00eda aumentar\u00e1 su valor; y por el otro, podemos administrarlo por ti cuando no lo [&hellip;]<\/p>\n","protected":false},"author":1,"featured_media":0,"parent":0,"menu_order":0,"comment_status":"closed","ping_status":"closed","template":"","meta":{"_et_pb_use_builder":"on","_et_pb_old_content":"","_et_gb_content_width":"","footnotes":""},"class_list":["post-1495","page","type-page","status-publish","hentry"],"_links":{"self":[{"href":"http:\/\/verainmuebles.com\/index.php?rest_route=\/wp\/v2\/pages\/1495"}],"collection":[{"href":"http:\/\/verainmuebles.com\/index.php?rest_route=\/wp\/v2\/pages"}],"about":[{"href":"http:\/\/verainmuebles.com\/index.php?rest_route=\/wp\/v2\/types\/page"}],"author":[{"embeddable":true,"href":"http:\/\/verainmuebles.com\/index.php?rest_route=\/wp\/v2\/users\/1"}],"replies":[{"embeddable":true,"href":"http:\/\/verainmuebles.com\/index.php?rest_route=%2Fwp%2Fv2%2Fcomments&post=1495"}],"version-history":[{"count":18,"href":"http:\/\/verainmuebles.com\/index.php?rest_route=\/wp\/v2\/pages\/1495\/revisions"}],"predecessor-version":[{"id":2190,"href":"http:\/\/verainmuebles.com\/index.php?rest_route=\/wp\/v2\/pages\/1495\/revisions\/2190"}],"wp:attachment":[{"href":"http:\/\/verainmuebles.com\/index.php?rest_route=%2Fwp%2Fv2%2Fmedia&parent=1495"}],"curies":[{"name":"wp","href":"https:\/\/api.w.org\/{rel}","templated":true}]}}