{"id":69,"date":"2019-05-21T23:17:07","date_gmt":"2019-05-21T23:17:07","guid":{"rendered":"http:\/\/verainmuebles.com\/?page_id=69"},"modified":"2019-11-09T22:17:46","modified_gmt":"2019-11-10T04:17:46","slug":"quienes-somos","status":"publish","type":"page","link":"http:\/\/verainmuebles.com\/?page_id=69","title":{"rendered":"\u00bfQui\u00e9nes somos?"},"content":{"rendered":"<p>[et_pb_section fb_built=&#8221;1&#8243; _builder_version=&#8221;4.0.5&#8243; use_background_color_gradient=&#8221;on&#8221; background_color_gradient_start=&#8221;rgba(43,135,218,0.67)&#8221; background_color_gradient_end=&#8221;rgba(1,196,99,0.31)&#8221; background_enable_video_mp4=&#8221;off&#8221;][et_pb_row column_structure=&#8221;1_2,1_2&#8243; _builder_version=&#8221;3.25&#8243; animation_style=&#8221;flip&#8221;][et_pb_column type=&#8221;1_2&#8243; _builder_version=&#8221;3.25&#8243; custom_padding=&#8221;|||&#8221; custom_padding__hover=&#8221;|||&#8221;][et_pb_text _builder_version=&#8221;3.27.4&#8243; text_font=&#8221;Georgia||||||||&#8221; text_font_size=&#8221;56px&#8221; text_orientation=&#8221;center&#8221; custom_margin=&#8221;||30px|||&#8221; custom_padding=&#8221;0px||35px|||&#8221; animation_style=&#8221;slide&#8221; inline_fonts=&#8221;Arial&#8221;]<\/p>\n<p><span style=\"color: #ffffff; font-family: Arial; font-weight: normal;\">\u00bfQui\u00e9nes somos?<\/span><\/p>\n<p>[\/et_pb_text][et_pb_text _builder_version=&#8221;4.0.5&#8243; text_font=&#8221;||||||||&#8221; text_font_size=&#8221;17px&#8221; custom_padding=&#8221;||0px|||&#8221; animation_style=&#8221;fold&#8221;]<\/p>\n<h3 style=\"text-align: justify;\"><span style=\"color: #ffffff;\">En VERAINMUEBLES contamos con m\u00e1s de 10 a\u00f1os de experiencia en el mercado residencial y tur\u00edstico de Veracruz, ofrecemos un servicio integral avalado por a\u00f1os de preparaci\u00f3n y estudios acad\u00e9micos en marketing digital, aval\u00faos inmobiliarios, aspectos legales, financieros, crediticios, fiscales; ofreciendo as\u00ed un servicio PROFESIONAL y HUMANO, lo que garantiza a nuestros clientes operaciones justas que incrementen y salvaguarden su patrimonio.<\/span><\/h3>\n<h3 style=\"text-align: justify;\"><span style=\"color: #ffffff;\">VERAINMUEBLES Broker autorizado SIMCA, te ofrece las mejores opciones en la Riviera Maya gracias a su alianza con SIMCA Desarrollos, uno de los m\u00e1s importantes desarrolladores del Sureste Mexicano, con m\u00e1s de 15 a\u00f1os de experiencia en el mercado inmobiliario enfocado en las ciudades m\u00e1s hot del sureste mexicano: M\u00e9rida, Canc\u00fan, Playa del Carmen y Tulum donde suman ya m\u00e1s de 30 desarrollos entregados en tiempo y forma.<\/span><\/h3>\n<h3 style=\"text-align: justify;\"><\/h3>\n<p>[\/et_pb_text][\/et_pb_column][et_pb_column type=&#8221;1_2&#8243; _builder_version=&#8221;3.26.6&#8243;][et_pb_image src=&#8221;http:\/\/verainmuebles.com\/wp-content\/uploads\/2019\/08\/logo-verainmuebles-trazo.png&#8221; _builder_version=&#8221;3.26.6&#8243; width=&#8221;59%&#8221; module_alignment=&#8221;center&#8221; animation_style=&#8221;bounce&#8221; box_shadow_style=&#8221;preset1&#8243;][\/et_pb_image][\/et_pb_column][\/et_pb_row][et_pb_row column_structure=&#8221;1_2,1_2&#8243; _builder_version=&#8221;3.25&#8243; custom_margin=&#8221;|auto|43px|auto||&#8221; animation_style=&#8221;fold&#8221;][et_pb_column type=&#8221;1_2&#8243; _builder_version=&#8221;3.25&#8243; custom_padding=&#8221;|||&#8221; custom_padding__hover=&#8221;|||&#8221;][et_pb_text _builder_version=&#8221;3.27.4&#8243; text_font=&#8221;||||||||&#8221; text_font_size=&#8221;17px&#8221; custom_padding=&#8221;||0px|||&#8221; animation_style=&#8221;fold&#8221;]<\/p>\n<h1><span style=\"color: #ffffff; font-size: xx-large;\"><strong>Misi\u00f3n<\/strong><\/span><\/h1>\n<p><span style=\"color: #ffffff; font-size: xx-large;\"><strong><\/strong><\/span><\/p>\n<p><span style=\"color: #ffffff; font-size: xx-large;\"><strong><\/strong><\/span><\/p>\n<p><span style=\"color: #ffffff; font-size: xx-large;\"><strong><\/strong><\/span><\/p>\n<p><span style=\"color: #ffffff; font-size: xx-large;\"><strong><\/strong><\/span><\/p>\n<h3 style=\"text-align: justify;\"><span style=\"color: #ffffff; font-size: x-large;\">Brindamos\u00a0 a nuestros clientes un servicio humano\u00a0 y profesional \u00a0permiti\u00e9ndoles alcanzar el sue\u00f1o de tener su propio hogar.<\/span><\/h3>\n<p>[\/et_pb_text][\/et_pb_column][et_pb_column type=&#8221;1_2&#8243; _builder_version=&#8221;3.25&#8243; custom_padding=&#8221;|||&#8221; custom_padding__hover=&#8221;|||&#8221;][et_pb_image src=&#8221;http:\/\/verainmuebles.com\/wp-content\/uploads\/2019\/08\/mision.png&#8221; align_tablet=&#8221;center&#8221; align_phone=&#8221;&#8221; align_last_edited=&#8221;on|desktop&#8221; _builder_version=&#8221;3.26.6&#8243; animation_style=&#8221;fold&#8221; box_shadow_style=&#8221;preset1&#8243;][\/et_pb_image][\/et_pb_column][\/et_pb_row][et_pb_row column_structure=&#8221;1_2,1_2&#8243; _builder_version=&#8221;3.26.6&#8243; custom_padding=&#8221;49px|||||&#8221; animation_style=&#8221;slide&#8221; animation_direction=&#8221;left&#8221;][et_pb_column type=&#8221;1_2&#8243; _builder_version=&#8221;3.25&#8243; custom_padding=&#8221;|||&#8221; custom_padding__hover=&#8221;|||&#8221;][et_pb_image src=&#8221;http:\/\/verainmuebles.com\/wp-content\/uploads\/2019\/08\/vision.png&#8221; align_tablet=&#8221;center&#8221; align_phone=&#8221;&#8221; align_last_edited=&#8221;on|desktop&#8221; _builder_version=&#8221;3.26.6&#8243; animation_style=&#8221;zoom&#8221; box_shadow_style=&#8221;preset1&#8243;][\/et_pb_image][\/et_pb_column][et_pb_column type=&#8221;1_2&#8243; _builder_version=&#8221;3.25&#8243; custom_padding=&#8221;|||&#8221; custom_padding__hover=&#8221;|||&#8221;][et_pb_text _builder_version=&#8221;3.27.4&#8243; text_font=&#8221;||||||||&#8221; text_font_size=&#8221;18px&#8221; animation_style=&#8221;zoom&#8221;]<\/p>\n<h1 style=\"text-align: justify;\"><span style=\"color: #ffffff;\"><strong>V<\/strong><strong>isi\u00f3n<\/strong><\/span><\/h1>\n<p style=\"text-align: justify;\"><span style=\"color: #ffffff; font-size: 22px; text-align: left;\">Ofrecer un servicio personalizado a nuestros clientes, \u00a0cuyo rasgo distintivo sea una atenci\u00f3n profesional, de calidad y humana.\u00a0 Aplicando sistemas y procesos innovadores como la social media marketing \u00a0que permitan alcanzar altos niveles de satisfacci\u00f3n.<\/span><\/p>\n<p>[\/et_pb_text][\/et_pb_column][\/et_pb_row][et_pb_row column_structure=&#8221;3_5,2_5&#8243; _builder_version=&#8221;3.25&#8243; animation_style=&#8221;zoom&#8221;][et_pb_column type=&#8221;3_5&#8243; _builder_version=&#8221;3.25&#8243; custom_padding=&#8221;|||&#8221; custom_padding__hover=&#8221;|||&#8221;][et_pb_text _builder_version=&#8221;3.27.4&#8243; text_font=&#8221;||||||||&#8221; text_font_size=&#8221;17px&#8221; custom_padding=&#8221;|0px|0px|||&#8221; animation_style=&#8221;flip&#8221;]<\/p>\n<h1><span style=\"color: #ffffff;\"><strong>Marketing en Redes Sociales<\/strong><\/span><\/h1>\n<p>&nbsp;<\/p>\n<h3 style=\"text-align: justify;\"><span style=\"color: #ffffff;\">Realizamos campa\u00f1as de sus propiedades a trav\u00e9s de Facebook y Google Ads.<\/span><\/h3>\n<p>&nbsp;<\/p>\n<p style=\"text-align: justify;\">\n<p>[\/et_pb_text][\/et_pb_column][et_pb_column type=&#8221;2_5&#8243; _builder_version=&#8221;3.25&#8243; custom_padding=&#8221;|||&#8221; custom_padding__hover=&#8221;|||&#8221;][et_pb_image src=&#8221;http:\/\/verainmuebles.com\/wp-content\/uploads\/2019\/08\/GOOLGE-FACE-CAMPA\u00d1A-solos.jpg&#8221; align_tablet=&#8221;center&#8221; align_phone=&#8221;&#8221; align_last_edited=&#8221;on|desktop&#8221; _builder_version=&#8221;3.26.6&#8243; animation_style=&#8221;flip&#8221; box_shadow_style=&#8221;preset1&#8243;][\/et_pb_image][\/et_pb_column][\/et_pb_row][et_pb_row column_structure=&#8221;3_5,2_5&#8243; _builder_version=&#8221;3.25&#8243; animation_style=&#8221;zoom&#8221;][et_pb_column type=&#8221;3_5&#8243; _builder_version=&#8221;3.25&#8243; custom_padding=&#8221;|||&#8221; custom_padding__hover=&#8221;|||&#8221;][et_pb_text _builder_version=&#8221;3.27.4&#8243; text_font=&#8221;||||||||&#8221; text_font_size=&#8221;17px&#8221; custom_padding=&#8221;|0px|0px|||&#8221; animation_style=&#8221;slide&#8221;]<\/p>\n<h1><span style=\"color: #ffffff;\"><strong>Mailing<\/strong><\/span><\/h1>\n<h3 style=\"text-align: justify;\"><span style=\"color: #ffffff;\"><\/span><\/h3>\n<h3 style=\"text-align: justify;\"><span style=\"color: #ffffff;\"><\/span><\/h3>\n<h3 style=\"text-align: justify;\"><span style=\"color: #ffffff;\">Contamos con MAILING a 18 mil contactos. Nuestra base de datos est\u00e1 formada por contactos de: Xalapa, Orizaba, C\u00f3rdoba, Coatzacoalcos, Puebla, Distrito Federal, Cosamaloapan, Tuxpan, Villahermosa, Veracruz-Boca del R\u00edo, Poza Rica.<\/span><\/h3>\n<p style=\"text-align: justify;\">\n<p>[\/et_pb_text][\/et_pb_column][et_pb_column type=&#8221;2_5&#8243; _builder_version=&#8221;3.25&#8243; custom_padding=&#8221;|||&#8221; custom_padding__hover=&#8221;|||&#8221;][et_pb_image src=&#8221;http:\/\/verainmuebles.com\/wp-content\/uploads\/2019\/08\/Email-marketing.png&#8221; align_tablet=&#8221;center&#8221; align_phone=&#8221;&#8221; align_last_edited=&#8221;on|desktop&#8221; _builder_version=&#8221;3.26.6&#8243; animation_style=&#8221;slide&#8221; box_shadow_style=&#8221;preset1&#8243;][\/et_pb_image][\/et_pb_column][\/et_pb_row][\/et_pb_section]<\/p>\n","protected":false},"excerpt":{"rendered":"<p>\u00bfQui\u00e9nes somos?En VERAINMUEBLES contamos con m\u00e1s de 10 a\u00f1os de experiencia en el mercado residencial y tur\u00edstico de Veracruz, ofrecemos un servicio integral avalado por a\u00f1os de preparaci\u00f3n y estudios acad\u00e9micos en marketing digital, aval\u00faos inmobiliarios, aspectos legales, financieros, crediticios, fiscales; ofreciendo as\u00ed un servicio PROFESIONAL y HUMANO, lo que garantiza a nuestros clientes operaciones [&hellip;]<\/p>\n","protected":false},"author":1,"featured_media":0,"parent":0,"menu_order":0,"comment_status":"closed","ping_status":"closed","template":"","meta":{"_et_pb_use_builder":"on","_et_pb_old_content":"","_et_gb_content_width":"","footnotes":""},"class_list":["post-69","page","type-page","status-publish","hentry"],"_links":{"self":[{"href":"http:\/\/verainmuebles.com\/index.php?rest_route=\/wp\/v2\/pages\/69"}],"collection":[{"href":"http:\/\/verainmuebles.com\/index.php?rest_route=\/wp\/v2\/pages"}],"about":[{"href":"http:\/\/verainmuebles.com\/index.php?rest_route=\/wp\/v2\/types\/page"}],"author":[{"embeddable":true,"href":"http:\/\/verainmuebles.com\/index.php?rest_route=\/wp\/v2\/users\/1"}],"replies":[{"embeddable":true,"href":"http:\/\/verainmuebles.com\/index.php?rest_route=%2Fwp%2Fv2%2Fcomments&post=69"}],"version-history":[{"count":18,"href":"http:\/\/verainmuebles.com\/index.php?rest_route=\/wp\/v2\/pages\/69\/revisions"}],"predecessor-version":[{"id":1742,"href":"http:\/\/verainmuebles.com\/index.php?rest_route=\/wp\/v2\/pages\/69\/revisions\/1742"}],"wp:attachment":[{"href":"http:\/\/verainmuebles.com\/index.php?rest_route=%2Fwp%2Fv2%2Fmedia&parent=69"}],"curies":[{"name":"wp","href":"https:\/\/api.w.org\/{rel}","templated":true}]}}